{"id":3863,"date":"2019-04-29T17:42:59","date_gmt":"2019-04-29T15:42:59","guid":{"rendered":"https:\/\/www.mado.de\/mentions-legales\/"},"modified":"2025-07-30T16:43:50","modified_gmt":"2025-07-30T14:43:50","slug":"mentions-legales","status":"publish","type":"page","link":"https:\/\/www.mado.de\/fr\/mentions-legales\/","title":{"rendered":"Mentions l\u00e9gales"},"content":{"rendered":"<p>[et_pb_section fb_built=\u00a0\u00bb1&Prime; _builder_version=\u00a0\u00bb4.16&Prime; global_colors_info=\u00a0\u00bb{}\u00a0\u00bb][et_pb_row _builder_version=\u00a0\u00bb4.16&Prime; background_size=\u00a0\u00bbinitial\u00a0\u00bb background_position=\u00a0\u00bbtop_left\u00a0\u00bb background_repeat=\u00a0\u00bbrepeat\u00a0\u00bb global_colors_info=\u00a0\u00bb{}\u00a0\u00bb][et_pb_column type=\u00a0\u00bb4_4&Prime; _builder_version=\u00a0\u00bb4.16&Prime; custom_padding=\u00a0\u00bb|||\u00a0\u00bb global_colors_info=\u00a0\u00bb{}\u00a0\u00bb custom_padding__hover=\u00a0\u00bb|||\u00a0\u00bb][et_pb_text _builder_version=\u00a0\u00bb4.19.4&Prime; z_index_tablet=\u00a0\u00bb500&Prime; global_colors_info=\u00a0\u00bb{}\u00a0\u00bb]<\/p>\n<h1><strong>Mentions l\u00e9gales<\/strong><\/h1>\n<p><span>Les mentions l\u00e9gales suivantes s&rsquo;appliquent aux visiteurs de nos sites web et \u00e0 notre pr\u00e9sence sur les r\u00e9seaux sociaux.<\/span><\/p>\n<p>[\/et_pb_text][\/et_pb_column][\/et_pb_row][et_pb_row _builder_version=\u00a0\u00bb4.16&Prime; background_size=\u00a0\u00bbinitial\u00a0\u00bb background_position=\u00a0\u00bbtop_left\u00a0\u00bb background_repeat=\u00a0\u00bbrepeat\u00a0\u00bb global_colors_info=\u00a0\u00bb{}\u00a0\u00bb][et_pb_column type=\u00a0\u00bb4_4&Prime; _builder_version=\u00a0\u00bb4.16&Prime; custom_padding=\u00a0\u00bb|||\u00a0\u00bb global_colors_info=\u00a0\u00bb{}\u00a0\u00bb custom_padding__hover=\u00a0\u00bb|||\u00a0\u00bb][et_pb_text _builder_version=\u00a0\u00bb4.16&Prime; z_index_tablet=\u00a0\u00bb500&Prime; global_colors_info=\u00a0\u00bb{}\u00a0\u00bb]<\/p>\n<h5>MADO France S\u00e0RL<\/h5>\n<p>21 rue de l\u2019Ermitage<br \/>\nF 67700 SAVERNE<\/p>\n<p>T\u00e9l\u00e9phone : + 33 (0)3 88 02 12 20<br \/>\nT\u00e9l\u00e9copie : + 33 (0)3 88 02 12 21<\/p>\n<p>EMail :\u00a0<a class=\"mail\" href=\"mailto:info@mado-france.fr\">info@mado-france.fr<\/a><br \/>\nHome :\u00a0<a class=\"external-link-new-window\" href=\"https:\/\/www.mado-france.fr\/\" target=\"_blank\" rel=\"noopener noreferrer\">https:\/\/www.mado-france.fr<\/a><\/p>\n<p>RC : SAVERNE TI B 312 611 858<\/p>\n<p>G\u00e9rant : Christian H\u00f6ning, Sebastian H\u00f6ning<br \/>\nSiret : 31261185800027<br \/>\nTVA : FR10312611858[\/et_pb_text][\/et_pb_column][\/et_pb_row][et_pb_row _builder_version=\u00a0\u00bb4.16&Prime; global_colors_info=\u00a0\u00bb{}\u00a0\u00bb][et_pb_column type=\u00a0\u00bb4_4&Prime; _builder_version=\u00a0\u00bb4.16&Prime; custom_padding=\u00a0\u00bb|||\u00a0\u00bb global_colors_info=\u00a0\u00bb{}\u00a0\u00bb custom_padding__hover=\u00a0\u00bb|||\u00a0\u00bb][et_pb_text _builder_version=\u00a0\u00bb4.16&Prime; global_colors_info=\u00a0\u00bb{}\u00a0\u00bb]<\/p>\n<h3>Exclusion de responsabilit\u00e9<\/h3>\n<p>[\/et_pb_text][et_pb_text _builder_version=\u00a0\u00bb4.16&Prime; global_colors_info=\u00a0\u00bb{}\u00a0\u00bb]<\/p>\n<h6>1. Contenu de l&rsquo;offre En Ligne<\/h6>\n<p>L&rsquo;auteur n&rsquo;accepte aucune garantie quant \u00e0 l&rsquo;actualit\u00e9, l&rsquo;exactitude, l&rsquo;int\u00e9gralit\u00e9 ou la qualit\u00e9 des informations mises \u00e0 disposition. Des demandes en responsabilit\u00e9 contre l&rsquo;auteur, se r\u00e9f\u00e9rant \u00e0 des dommages mat\u00e9riels ou intellectuels, pouvant \u00eatre caus\u00e9s par l&rsquo;utilisation ou la non-utilisation des informations propos\u00e9es, respectivement par l&rsquo;utilisation d&rsquo;informations erron\u00e9es ou incompl\u00e8tes, sont par d\u00e9finition exclues, dans la mesure o\u00f9 il n&rsquo;y a pas, de la part de l&rsquo;auteur, d&rsquo;erreur manifeste ou intentionnelle. Toutes les offres sont libres et sans engagement. L&rsquo;auteur se r\u00e9serve le droit de modifier, de compl\u00e9ter, d&rsquo;effacer des parties ou l&rsquo;offre compl\u00e8te ou des annonces s\u00e9par\u00e9es ainsi que de cesser la publication temporairement ou d\u00e9finitivement.<br \/>\n[\/et_pb_text][et_pb_text _builder_version=\u00a0\u00bb4.16&Prime; global_colors_info=\u00a0\u00bb{}\u00a0\u00bb]<\/p>\n<h6>2. Renvois et liens<\/h6>\n<p>Lors de renvois directs ou indirects vers des pages d&rsquo;Internet ext\u00e9rieures (Links), se trouvant en dehors du domaine de responsabilit\u00e9 de l&rsquo;auteur, un engagement de responsabilit\u00e9 aurait lieu uniquement dans le cas o\u00f9 l&rsquo;auteur a connaissance des contenus et o\u00f9 on peut lui reprocher de n&rsquo;avoir emp\u00each\u00e9 l&rsquo;utilisation de contenus contraires \u00e0 la loi. L&rsquo;auteur d\u00e9clare nomm\u00e9ment par la pr\u00e9sente qu&rsquo;\u00e0 la date de cr\u00e9ation du lien, aucun contenu contraire \u00e0 la loi n&rsquo;\u00e9tait visible sur les pages li\u00e9es. L&rsquo;auteur n&rsquo;a aucune influence sur les conceptions, contenus ou paternit\u00e9s actuels ou futurs des pages li\u00e9es. De ce fait, il d\u00e9clare nomm\u00e9ment ici prendre ses distances avec tous les contenus de toutes les pages li\u00e9es qui auraient \u00e9t\u00e9 modifi\u00e9es apr\u00e8s la cr\u00e9ation du lien. Le prestataire des pages li\u00e9es est seul responsable des contenus ill\u00e9gaux, erron\u00e9s ou incomplets et particuli\u00e8rement des dommages r\u00e9sultant de l&rsquo;utilisation ou de la non-utilisation d&rsquo;informations de ce type , et celui qui, par des liens, renvoie sur la publication concern\u00e9e ne peut en \u00eatre responsable.<br \/>\n[\/et_pb_text][et_pb_text _builder_version=\u00a0\u00bb4.16&Prime; global_colors_info=\u00a0\u00bb{}\u00a0\u00bb]<\/p>\n<h6>3. Droit d&rsquo;auteurs et de marques<\/h6>\n<p>L&rsquo;auteur s&rsquo;efforce de respecter, dans toute publication, le droit d&rsquo;auteur des graphismes et textes utilis\u00e9s, d&rsquo;utiliser des graphismes et des textes de sa conception ou de se reporter sur des graphismes et des textes libres de licences. Toutes les marques cit\u00e9es dans l&rsquo;offre Internet et \u00e9ventuellement prot\u00e9g\u00e9es par des tiers, sont soumises sans limites aux dispositions en vigueur du droit des marques et des droits du propri\u00e9taire enregistr\u00e9. Le simple fait de nommer une marque ne permet pas de conclure qu&rsquo;une marque n&rsquo;est pas prot\u00e9g\u00e9e par les droits d&rsquo;un tiers ! Le copyright des publications r\u00e9alis\u00e9es par l&rsquo;auteur lui-m\u00eame reste enti\u00e8rement \u00e0 l&rsquo;auteur de ces pages. Une reproduction ou utilisation des tels graphismes et textes dans d&rsquo;autres publications \u00e9lectroniques ou \u00e9crites est express\u00e9ment interdite sans accord formel de l&rsquo;auteur.<br \/>\n[\/et_pb_text][et_pb_text _builder_version=\u00a0\u00bb4.16&Prime; global_colors_info=\u00a0\u00bb{}\u00a0\u00bb]<\/p>\n<h6>4. Protection des donn\u00e9es<\/h6>\n<p>Si des donn\u00e9es personnelles sont demand\u00e9es au client sur les pages Internet de MADO France S\u00e0RL, l&rsquo;indication de ces donn\u00e9es ne peut \u00eatre faite que de son plein gr\u00e9. Ces donn\u00e9es sont trait\u00e9es de fa\u00e7on confidentielle et seulement dans le cadre des dispositions de la loi N\u00b0 7817 du 6 janvier 1978 sur la protection des donn\u00e9es.<\/p>\n<h6>5. Effet juridique de cette exclusion de responsabilit\u00e9<\/h6>\n<p>Cette exclusion de responsabilit\u00e9 est \u00e0 consid\u00e9rer comme faisant partie de l&rsquo;offre Internet, d&rsquo;o\u00f9 a \u00e9t\u00e9 renvoy\u00e9 \u00e0 la pr\u00e9sente page. Dans la mesure o\u00f9 des parties ou des formules isol\u00e9es de ce texte ne correspondent pas, ou plus, ou pas enti\u00e8rement, \u00e0 la l\u00e9gislation en vigueur, les autres \u00e9l\u00e9ments de ce document restent inchang\u00e9s quant \u00e0 leur contenu et leur vigueur.<br \/>\n[\/et_pb_text][\/et_pb_column][\/et_pb_row][et_pb_row _builder_version=\u00a0\u00bb4.16&Prime; global_colors_info=\u00a0\u00bb{}\u00a0\u00bb][et_pb_column type=\u00a0\u00bb4_4&Prime; _builder_version=\u00a0\u00bb4.16&Prime; custom_padding=\u00a0\u00bb|||\u00a0\u00bb global_colors_info=\u00a0\u00bb{}\u00a0\u00bb custom_padding__hover=\u00a0\u00bb|||\u00a0\u00bb][et_pb_text _builder_version=\u00a0\u00bb4.16&Prime; global_colors_info=\u00a0\u00bb{}\u00a0\u00bb]<\/p>\n<h6>R\u00e9alisation et support technique:<\/h6>\n<p><strong>avency GmbH<\/strong><br \/>Hauptstra\u00dfe 108<br \/>D-48346 Ostbevern<\/p>\n<p>Telefon: +49 25 32 9509 \u2013 0<br \/>Telefax: +49 25 32 9509 \u2013 199<\/p>\n<p>E-Mail:\u00a0<span class=\"wikiexternallink\"><a href=\"mailto:info@avency.de\">info@avency.de<\/a><\/span><br \/>Internet:\u00a0<span class=\"wikiexternallink\"><a href=\"mailto:info@avency.de\">https:\/\/www.avency.de<\/a><\/span><\/p>\n<p>[\/et_pb_text][\/et_pb_column][\/et_pb_row][\/et_pb_section]<\/p>\n","protected":false},"excerpt":{"rendered":"<p>Mentions l\u00e9gales Les mentions l\u00e9gales suivantes s&rsquo;appliquent aux visiteurs de nos sites web et \u00e0 notre pr\u00e9sence sur les r\u00e9seaux sociaux.MADO France S\u00e0RL 21 rue de l\u2019Ermitage F 67700 SAVERNE T\u00e9l\u00e9phone : + 33 (0)3 88 02 12 20 T\u00e9l\u00e9copie : + 33 (0)3 88 02 12 21 EMail :\u00a0info@mado-france.fr Home :\u00a0https:\/\/www.mado-france.fr RC : SAVERNE [&hellip;]<\/p>\n","protected":false},"author":3,"featured_media":0,"parent":0,"menu_order":0,"comment_status":"closed","ping_status":"closed","template":"","meta":{"_et_pb_use_builder":"on","_et_pb_old_content":"","_et_gb_content_width":"","_expiration-date-status":"","_expiration-date":0,"_expiration-date-type":"","_expiration-date-categories":[],"_expiration-date-options":[]},"acf":[],"_links":{"self":[{"href":"https:\/\/www.mado.de\/fr\/wp-json\/wp\/v2\/pages\/3863"}],"collection":[{"href":"https:\/\/www.mado.de\/fr\/wp-json\/wp\/v2\/pages"}],"about":[{"href":"https:\/\/www.mado.de\/fr\/wp-json\/wp\/v2\/types\/page"}],"author":[{"embeddable":true,"href":"https:\/\/www.mado.de\/fr\/wp-json\/wp\/v2\/users\/3"}],"replies":[{"embeddable":true,"href":"https:\/\/www.mado.de\/fr\/wp-json\/wp\/v2\/comments?post=3863"}],"version-history":[{"count":6,"href":"https:\/\/www.mado.de\/fr\/wp-json\/wp\/v2\/pages\/3863\/revisions"}],"predecessor-version":[{"id":10361,"href":"https:\/\/www.mado.de\/fr\/wp-json\/wp\/v2\/pages\/3863\/revisions\/10361"}],"wp:attachment":[{"href":"https:\/\/www.mado.de\/fr\/wp-json\/wp\/v2\/media?parent=3863"}],"curies":[{"name":"wp","href":"https:\/\/api.w.org\/{rel}","templated":true}]}}