{"id":3934,"date":"2019-04-30T10:18:53","date_gmt":"2019-04-30T08:18:53","guid":{"rendered":"https:\/\/www.mado.de\/produits\/affuteuses\/"},"modified":"2022-09-21T16:37:22","modified_gmt":"2022-09-21T14:37:22","slug":"affuteuses","status":"publish","type":"page","link":"https:\/\/www.mado.de\/fr\/produits\/affuteuses\/","title":{"rendered":"Aff\u00fbteuses"},"content":{"rendered":"<p>[et_pb_section fb_built=\u00a0\u00bb1&Prime; custom_padding_last_edited=\u00a0\u00bbon|phone\u00a0\u00bb _builder_version=\u00a0\u00bb3.22&Prime; use_background_color_gradient=\u00a0\u00bbon\u00a0\u00bb background_color_gradient_start=\u00a0\u00bbrgba(0,0,0,0.73)\u00a0\u00bb background_color_gradient_end=\u00a0\u00bbrgba(0,0,0,0.4)\u00a0\u00bb background_color_gradient_direction=\u00a0\u00bb69deg\u00a0\u00bb background_color_gradient_start_position=\u00a0\u00bb54%\u00a0\u00bb background_color_gradient_end_position=\u00a0\u00bb75%\u00a0\u00bb background_color_gradient_overlays_image=\u00a0\u00bbon\u00a0\u00bb background_image=\u00a0\u00bbhttps:\/\/www.mado.de\/wp-content\/uploads\/2019\/03\/gastroprospekt_08.jpg\u00a0\u00bb background_position=\u00a0\u00bbcenter_left\u00a0\u00bb custom_margin=\u00a0\u00bb||\u00a0\u00bb custom_padding=\u00a0\u00bb75px||75px||false|false\u00a0\u00bb custom_padding_tablet=\u00a0\u00bb100px||125px\u00a0\u00bb custom_padding_phone=\u00a0\u00bb75px||75px\u00a0\u00bb bottom_divider_color=\u00a0\u00bb#edecea\u00a0\u00bb bottom_divider_flip=\u00a0\u00bbhorizontal\u00a0\u00bb bottom_divider_height_tablet=\u00a0\u00bb70px\u00a0\u00bb bottom_divider_height_phone=\u00a0\u00bb50px\u00a0\u00bb bottom_divider_height_last_edited=\u00a0\u00bbon|phone\u00a0\u00bb][et_pb_row custom_padding_last_edited=\u00a0\u00bbon|phone\u00a0\u00bb _builder_version=\u00a0\u00bb3.25&Prime; custom_margin=\u00a0\u00bb|||\u00a0\u00bb custom_padding=\u00a0\u00bb50px||50px|0|false|false\u00a0\u00bb custom_padding_tablet=\u00a0\u00bb|||13%\u00a0\u00bb custom_padding_phone=\u00a0\u00bb|||10%\u00a0\u00bb animation_style=\u00a0\u00bbslide\u00a0\u00bb animation_direction=\u00a0\u00bbbottom\u00a0\u00bb][et_pb_column type=\u00a0\u00bb4_4&Prime; _builder_version=\u00a0\u00bb3.25&Prime; custom_padding=\u00a0\u00bb|||\u00a0\u00bb custom_padding__hover=\u00a0\u00bb|||\u00a0\u00bb][et_pb_text admin_label=\u00a0\u00bbH1 &#8211; Produktkategorie\u00a0\u00bb _builder_version=\u00a0\u00bb3.27.4&Prime; background_layout=\u00a0\u00bbdark\u00a0\u00bb animation_direction=\u00a0\u00bbbottom\u00a0\u00bb header_text_shadow_style=\u00a0\u00bbpreset3&Prime; header_text_shadow_color=\u00a0\u00bb#000000&Prime;]<\/p>\n<h1>Aff\u00fbteuses<\/h1>\n<p>[\/et_pb_text][et_pb_text admin_label=\u00a0\u00bbH4 &#8211; Subline\u00a0\u00bb _builder_version=\u00a0\u00bb3.27.4&Prime; background_layout=\u00a0\u00bbdark\u00a0\u00bb custom_margin=\u00a0\u00bb-30px||\u00a0\u00bb custom_margin_tablet=\u00a0\u00bb-35px|||\u00a0\u00bb custom_margin_phone=\u00a0\u00bb-35px||\u00a0\u00bb custom_margin_last_edited=\u00a0\u00bbon|phone\u00a0\u00bb animation_direction=\u00a0\u00bbbottom\u00a0\u00bb text_text_shadow_style=\u00a0\u00bbpreset3&Prime; header_text_shadow_style=\u00a0\u00bbpreset3&Prime; header_text_shadow_color=\u00a0\u00bb#000000&Prime;]<\/p>\n<h4>Bine aff\u00fbter est mieux couper!<\/h4>\n<p>[\/et_pb_text][\/et_pb_column][\/et_pb_row][\/et_pb_section][et_pb_section fb_built=\u00a0\u00bb1&Prime; _builder_version=\u00a0\u00bb3.22&Prime; background_color=\u00a0\u00bb#ffffff\u00a0\u00bb custom_padding=\u00a0\u00bb80px|0px|80px|0px|false|false\u00a0\u00bb][et_pb_row _builder_version=\u00a0\u00bb3.25&Prime;][et_pb_column type=\u00a0\u00bb4_4&Prime; _builder_version=\u00a0\u00bb3.25&Prime; custom_padding=\u00a0\u00bb|||\u00a0\u00bb custom_padding__hover=\u00a0\u00bb|||\u00a0\u00bb][et_pb_portfolio fullwidth=\u00a0\u00bboff\u00a0\u00bb posts_number=\u00a0\u00bb30&Prime; include_categories=\u00a0\u00bb54&Prime; show_categories=\u00a0\u00bboff\u00a0\u00bb show_pagination=\u00a0\u00bboff\u00a0\u00bb zoom_icon_color=\u00a0\u00bb#ffffff\u00a0\u00bb hover_overlay_color=\u00a0\u00bbrgba(84,84,84,0.7)\u00a0\u00bb hover_icon=\u00a0\u00bb%%13%%\u00a0\u00bb module_class=\u00a0\u00bbproduct-overview\u00a0\u00bb _builder_version=\u00a0\u00bb3.21.1&Prime; title_level=\u00a0\u00bbh6&Prime; title_font=\u00a0\u00bb||||||||\u00a0\u00bb title_text_align=\u00a0\u00bbcenter\u00a0\u00bb][\/et_pb_portfolio][\/et_pb_column][\/et_pb_row][\/et_pb_section][et_pb_section fb_built=\u00a0\u00bb1&Prime; _builder_version=\u00a0\u00bb3.22&Prime; background_color=\u00a0\u00bb#edecea\u00a0\u00bb custom_padding=\u00a0\u00bb80px|0px|80px|0px|false|false\u00a0\u00bb][et_pb_row column_structure=\u00a0\u00bb3_5,2_5&Prime; _builder_version=\u00a0\u00bb3.25&Prime; custom_padding=\u00a0\u00bb27px|0px|0|0px|false|false\u00a0\u00bb][et_pb_column type=\u00a0\u00bb3_5&Prime; _builder_version=\u00a0\u00bb3.25&Prime; custom_padding=\u00a0\u00bb|||\u00a0\u00bb custom_padding__hover=\u00a0\u00bb|||\u00a0\u00bb][et_pb_text _builder_version=\u00a0\u00bb3.27.4&Prime; text_font=\u00a0\u00bb||||||||\u00a0\u00bb]<\/p>\n<h5>MADO Superschliff, c&rsquo;est la plus haute comp\u00e9tence en mati\u00e8re d&rsquo;aff\u00fbteuse.<\/h5>\n<p>[\/et_pb_text][\/et_pb_column][et_pb_column type=\u00a0\u00bb2_5&Prime; _builder_version=\u00a0\u00bb3.25&Prime; custom_padding=\u00a0\u00bb|||\u00a0\u00bb custom_padding__hover=\u00a0\u00bb|||\u00a0\u00bb][\/et_pb_column][\/et_pb_row][et_pb_row column_structure=\u00a0\u00bb2_3,1_3&Prime; disabled_on=\u00a0\u00bbon|on|on\u00a0\u00bb _builder_version=\u00a0\u00bb3.25&Prime; custom_padding=\u00a0\u00bb0|0px|27px|0px|false|false\u00a0\u00bb disabled=\u00a0\u00bbon\u00a0\u00bb][et_pb_column type=\u00a0\u00bb2_3&Prime; _builder_version=\u00a0\u00bb3.25&Prime; custom_padding=\u00a0\u00bb|||\u00a0\u00bb custom_padding__hover=\u00a0\u00bb|||\u00a0\u00bb][et_pb_text _builder_version=\u00a0\u00bb3.27.4&Prime;]Les fabricants de couteaux les plus connus pr\u00e9conisent le profil \u00ab\u00a0ballonnant\u00a0\u00bb pour le meilleur travail au d\u00e9sossage ou \u00e0 la d\u00e9coupe. Avec la Superschliff de MADO, c&rsquo;est une \u00e9vidence!<\/p>\n<p>L&rsquo;exp\u00e9rience se paye. Tout particuli\u00e8rement en mati\u00e8re de profil \u00a0\u00bb correct \u00ab\u00a0. Affut\u00e9 ne veut pas toujours dire coupant. Ce n&rsquo;est qu&rsquo;avec le profil ballonnant que l&rsquo;on obtient une r\u00e9sistance \u00e9lev\u00e9e et une longue tenue de coupe.<\/p>\n<p>La MADO SUPERSCHLIFF est et demeure unique dans ses fonctions et la diversit\u00e9 des ses possibilit\u00e9s d&rsquo;utilisation. Que ce soit des couteaux pour l&rsquo;atelier de d\u00e9coupe, la salle de vente ou la cuisine, des couteaux de cutter ou des fendoirs, tous les outils coupants peuvent \u00eatre r\u00e9aff\u00fbt\u00e9s ais\u00e9ment et dans les r\u00e8gles de l&rsquo;art.<\/p>\n<p>Une longue dur\u00e9e de vie est \u00e9galement donn\u00e9e : gr\u00e2ce \u00e0 sa construction solide avec un b\u00e2ti en mati\u00e8re synth\u00e9tique alli\u00e9e \u00e0 l&rsquo;inox et une tehnique \u00e9prouv\u00e9e, la machine est quasiment indestructible.[\/et_pb_text][\/et_pb_column][et_pb_column type=\u00a0\u00bb1_3&Prime; _builder_version=\u00a0\u00bb3.25&Prime; custom_padding=\u00a0\u00bb|||\u00a0\u00bb custom_padding__hover=\u00a0\u00bb|||\u00a0\u00bb][et_pb_code _builder_version=\u00a0\u00bb3.21.1&Prime;]<iframe<!-- [et_pb_line_break_holder] -->    width=\u00a0\u00bb560&Prime;<!-- [et_pb_line_break_holder] -->    height=\u00a0\u00bb315&Prime;<!-- [et_pb_line_break_holder] -->    data-src=\u00a0\u00bbhttps:\/\/www.youtube.com\/embed\/QO1Zw2FxXWI\u00a0\u00bb<!-- [et_pb_line_break_holder] -->    frameborder=\u00a0\u00bb0&Prime;<!-- [et_pb_line_break_holder] -->    allow=\u00a0\u00bbautoplay; encrypted-media\u00a0\u00bb<!-- [et_pb_line_break_holder] -->    allowfullscreen<!-- [et_pb_line_break_holder] -->    data-placeholder=\u00a0\u00bb\/wp-content\/uploads\/2019\/05\/thumb-schaerfmaschinen.jpg\u00a0\u00bb<!-- [et_pb_line_break_holder] -->    data-lazyembed<!-- [et_pb_line_break_holder] -->><\/iframe><!-- [et_pb_line_break_holder] -->[\/et_pb_code][\/et_pb_column][\/et_pb_row][et_pb_row column_structure=\u00a0\u00bb2_3,1_3&Prime; _builder_version=\u00a0\u00bb3.25&Prime; custom_padding=\u00a0\u00bb0|0px|27px|0px|false|false\u00a0\u00bb locked=\u00a0\u00bboff\u00a0\u00bb][et_pb_column type=\u00a0\u00bb2_3&Prime; _builder_version=\u00a0\u00bb3.25&Prime; custom_padding=\u00a0\u00bb|||\u00a0\u00bb custom_padding__hover=\u00a0\u00bb|||\u00a0\u00bb][et_pb_text _builder_version=\u00a0\u00bb4.9.9&Prime; hover_enabled=\u00a0\u00bb0&Prime; sticky_enabled=\u00a0\u00bb0&Prime;]<\/p>\n<p>Les fabricants de couteaux les plus connus pr\u00e9conisent le profil \u00ab\u00a0ballonnant\u00a0\u00bb pour le meilleur travail au d\u00e9sossage ou \u00e0 la d\u00e9coupe. Avec la Superschliff de MADO, c&rsquo;est une \u00e9vidence!<\/p>\n<p>L&rsquo;exp\u00e9rience se paye. Tout particuli\u00e8rement en mati\u00e8re de profil \u00a0\u00bb correct \u00ab\u00a0. Affut\u00e9 ne veut pas toujours dire coupant. Ce n&rsquo;est qu&rsquo;avec le profil ballonnant que l&rsquo;on obtient une r\u00e9sistance \u00e9lev\u00e9e et une longue tenue de coupe.<\/p>\n<p>La MADO SUPERSCHLIFF est et demeure unique dans ses fonctions et la diversit\u00e9 des ses possibilit\u00e9s d&rsquo;utilisation. Que ce soit des couteaux pour l&rsquo;atelier de d\u00e9coupe, la salle de vente ou la cuisine, des couteaux de cutter ou des fendoirs, tous les outils coupants peuvent \u00eatre r\u00e9aff\u00fbt\u00e9s ais\u00e9ment et dans les r\u00e8gles de l&rsquo;art.<\/p>\n<p>Une longue dur\u00e9e de vie est \u00e9galement donn\u00e9e : gr\u00e2ce \u00e0 sa construction solide avec un b\u00e2ti en mati\u00e8re synth\u00e9tique alli\u00e9e \u00e0 l&rsquo;inox et une tehnique \u00e9prouv\u00e9e, la machine est quasiment indestructible.<\/p>\n<p>[\/et_pb_text][\/et_pb_column][et_pb_column type=\u00a0\u00bb1_3&Prime; _builder_version=\u00a0\u00bb3.25&Prime; custom_padding=\u00a0\u00bb|||\u00a0\u00bb custom_padding__hover=\u00a0\u00bb|||\u00a0\u00bb][\/et_pb_column][\/et_pb_row][\/et_pb_section]<\/p>\n","protected":false},"excerpt":{"rendered":"<p>Aff\u00fbteusesBine aff\u00fbter est mieux couper!MADO Superschliff, c&rsquo;est la plus haute comp\u00e9tence en mati\u00e8re d&rsquo;aff\u00fbteuse.Les fabricants de couteaux les plus connus pr\u00e9conisent le profil \u00ab\u00a0ballonnant\u00a0\u00bb pour le meilleur travail au d\u00e9sossage ou \u00e0 la d\u00e9coupe. Avec la Superschliff de MADO, c&rsquo;est une \u00e9vidence! L&rsquo;exp\u00e9rience se paye. Tout particuli\u00e8rement en mati\u00e8re de profil \u00a0\u00bb correct \u00ab\u00a0. Affut\u00e9 [&hellip;]<\/p>\n","protected":false},"author":3,"featured_media":2570,"parent":3907,"menu_order":0,"comment_status":"closed","ping_status":"closed","template":"","meta":{"_et_pb_use_builder":"on","_et_pb_old_content":"","_et_gb_content_width":"","_expiration-date-status":"","_expiration-date":0,"_expiration-date-type":"","_expiration-date-categories":[],"_expiration-date-options":[]},"acf":[],"_links":{"self":[{"href":"https:\/\/www.mado.de\/fr\/wp-json\/wp\/v2\/pages\/3934"}],"collection":[{"href":"https:\/\/www.mado.de\/fr\/wp-json\/wp\/v2\/pages"}],"about":[{"href":"https:\/\/www.mado.de\/fr\/wp-json\/wp\/v2\/types\/page"}],"author":[{"embeddable":true,"href":"https:\/\/www.mado.de\/fr\/wp-json\/wp\/v2\/users\/3"}],"replies":[{"embeddable":true,"href":"https:\/\/www.mado.de\/fr\/wp-json\/wp\/v2\/comments?post=3934"}],"version-history":[{"count":5,"href":"https:\/\/www.mado.de\/fr\/wp-json\/wp\/v2\/pages\/3934\/revisions"}],"predecessor-version":[{"id":8664,"href":"https:\/\/www.mado.de\/fr\/wp-json\/wp\/v2\/pages\/3934\/revisions\/8664"}],"up":[{"embeddable":true,"href":"https:\/\/www.mado.de\/fr\/wp-json\/wp\/v2\/pages\/3907"}],"wp:featuredmedia":[{"embeddable":true,"href":"https:\/\/www.mado.de\/fr\/wp-json\/wp\/v2\/media\/2570"}],"wp:attachment":[{"href":"https:\/\/www.mado.de\/fr\/wp-json\/wp\/v2\/media?parent=3934"}],"curies":[{"name":"wp","href":"https:\/\/api.w.org\/{rel}","templated":true}]}}