{"id":3945,"date":"2019-04-30T10:34:30","date_gmt":"2019-04-30T08:34:30","guid":{"rendered":"https:\/\/www.mado.de\/produits\/cutters\/"},"modified":"2022-09-22T08:06:39","modified_gmt":"2022-09-22T06:06:39","slug":"cutters","status":"publish","type":"page","link":"https:\/\/www.mado.de\/fr\/produits\/cutters\/","title":{"rendered":"Cutters"},"content":{"rendered":"<p>[et_pb_section fb_built=\u00a0\u00bb1&Prime; custom_padding_last_edited=\u00a0\u00bbon|phone\u00a0\u00bb _builder_version=\u00a0\u00bb3.22&Prime; use_background_color_gradient=\u00a0\u00bbon\u00a0\u00bb background_color_gradient_start=\u00a0\u00bbrgba(0,0,0,0.73)\u00a0\u00bb background_color_gradient_end=\u00a0\u00bbrgba(0,0,0,0.3)\u00a0\u00bb background_color_gradient_direction=\u00a0\u00bb69deg\u00a0\u00bb background_color_gradient_start_position=\u00a0\u00bb54%\u00a0\u00bb background_color_gradient_end_position=\u00a0\u00bb75%\u00a0\u00bb background_color_gradient_overlays_image=\u00a0\u00bbon\u00a0\u00bb background_image=\u00a0\u00bbhttps:\/\/www.mado.de\/wp-content\/uploads\/2019\/03\/hero-kutter.jpg\u00a0\u00bb background_position=\u00a0\u00bbcenter_left\u00a0\u00bb custom_margin=\u00a0\u00bb||\u00a0\u00bb custom_padding=\u00a0\u00bb75px||75px||false|false\u00a0\u00bb custom_padding_tablet=\u00a0\u00bb||\u00a0\u00bb custom_padding_phone=\u00a0\u00bb||\u00a0\u00bb bottom_divider_color=\u00a0\u00bb#edecea\u00a0\u00bb bottom_divider_flip=\u00a0\u00bbhorizontal\u00a0\u00bb bottom_divider_height_tablet=\u00a0\u00bb70px\u00a0\u00bb bottom_divider_height_phone=\u00a0\u00bb50px\u00a0\u00bb bottom_divider_height_last_edited=\u00a0\u00bbon|phone\u00a0\u00bb][et_pb_row custom_padding_last_edited=\u00a0\u00bbon|desktop\u00a0\u00bb _builder_version=\u00a0\u00bb3.25&Prime; custom_margin=\u00a0\u00bb|||\u00a0\u00bb custom_padding=\u00a0\u00bb50px||50px|0|false|false\u00a0\u00bb custom_padding_tablet=\u00a0\u00bb|||\u00a0\u00bb custom_padding_phone=\u00a0\u00bb|50px||\u00a0\u00bb animation_style=\u00a0\u00bbslide\u00a0\u00bb animation_direction=\u00a0\u00bbbottom\u00a0\u00bb][et_pb_column type=\u00a0\u00bb4_4&Prime; _builder_version=\u00a0\u00bb3.25&Prime; custom_padding=\u00a0\u00bb|||\u00a0\u00bb custom_padding__hover=\u00a0\u00bb|||\u00a0\u00bb][et_pb_text admin_label=\u00a0\u00bbH1 &#8211; Produktkategorie\u00a0\u00bb _builder_version=\u00a0\u00bb3.27.4&Prime; background_layout=\u00a0\u00bbdark\u00a0\u00bb animation_direction=\u00a0\u00bbbottom\u00a0\u00bb header_text_shadow_style=\u00a0\u00bbpreset3&Prime; header_text_shadow_color=\u00a0\u00bb#000000&Prime;]<\/p>\n<h1>MADO Cutters<\/h1>\n<p>[\/et_pb_text][et_pb_text admin_label=\u00a0\u00bbH4 &#8211; Subline\u00a0\u00bb _builder_version=\u00a0\u00bb3.27.4&Prime; background_layout=\u00a0\u00bbdark\u00a0\u00bb custom_margin=\u00a0\u00bb-30px||\u00a0\u00bb custom_margin_tablet=\u00a0\u00bb-35px|||\u00a0\u00bb custom_margin_phone=\u00a0\u00bb-35px||\u00a0\u00bb custom_margin_last_edited=\u00a0\u00bbon|phone\u00a0\u00bb animation_direction=\u00a0\u00bbbottom\u00a0\u00bb text_text_shadow_style=\u00a0\u00bbpreset3&Prime; header_text_shadow_style=\u00a0\u00bbpreset3&Prime; header_text_shadow_color=\u00a0\u00bb#000000&Prime;]<\/p>\n<h4>Pour des besoins diff\u00e9rents dans le m\u00e9tier<\/h4>\n<p>[\/et_pb_text][\/et_pb_column][\/et_pb_row][\/et_pb_section][et_pb_section fb_built=\u00a0\u00bb1&Prime; _builder_version=\u00a0\u00bb3.22&Prime; background_color=\u00a0\u00bb#ffffff\u00a0\u00bb custom_padding=\u00a0\u00bb80px|0|80px|0px|false|false\u00a0\u00bb locked=\u00a0\u00bboff\u00a0\u00bb][et_pb_row use_custom_gutter=\u00a0\u00bbon\u00a0\u00bb gutter_width=\u00a0\u00bb2&Prime; _builder_version=\u00a0\u00bb3.25&Prime; custom_padding=\u00a0\u00bb25.1719px|0px|30px|0px|false|false\u00a0\u00bb column_structure=\u00a0\u00bb1_3,1_3,1_3&Prime;][et_pb_column type=\u00a0\u00bb1_3&Prime; _builder_version=\u00a0\u00bb3.25&Prime; custom_padding=\u00a0\u00bb|||\u00a0\u00bb custom_padding__hover=\u00a0\u00bb|||\u00a0\u00bb][et_pb_image src=\u00a0\u00bbhttps:\/\/www.mado.de\/wp-content\/uploads\/2019\/03\/MTK-661.png\u00a0\u00bb url=\u00a0\u00bb\/fr\/produits\/cutters\/machines-de-table\/\u00a0\u00bb use_overlay=\u00a0\u00bbon\u00a0\u00bb overlay_icon_color=\u00a0\u00bb#ffffff\u00a0\u00bb hover_overlay_color=\u00a0\u00bbrgba(84,84,84,0.5)\u00a0\u00bb hover_icon=\u00a0\u00bb%%15%%\u00a0\u00bb align_tablet=\u00a0\u00bbcenter\u00a0\u00bb align_last_edited=\u00a0\u00bbon|desktop\u00a0\u00bb admin_label=\u00a0\u00bbProduktbild\u00a0\u00bb _builder_version=\u00a0\u00bb3.23&Prime; max_width_tablet=\u00a0\u00bb55%\u00a0\u00bb max_width_phone=\u00a0\u00bb70%\u00a0\u00bb max_width_last_edited=\u00a0\u00bbon|tablet\u00a0\u00bb custom_padding=\u00a0\u00bb||\u00a0\u00bb][\/et_pb_image][et_pb_text admin_label=\u00a0\u00bbProduktname\u00a0\u00bb _builder_version=\u00a0\u00bb3.27.4&Prime; header_font=\u00a0\u00bb||||||||\u00a0\u00bb header_6_font=\u00a0\u00bb||||||||\u00a0\u00bb header_6_text_color=\u00a0\u00bb#545454&Prime; custom_margin=\u00a0\u00bb||\u00a0\u00bb link_option_url=\u00a0\u00bb\/fr\/produits\/cutters\/machines-de-table\/\u00a0\u00bb header_6_text_color__hover_enabled=\u00a0\u00bbon\u00a0\u00bb header_6_text_color__hover=\u00a0\u00bb#ee7f01&Prime;]<\/p>\n<h6 style=\"text-align: center;\">Cutters de table<\/h6>\n<p>[\/et_pb_text][\/et_pb_column][et_pb_column type=\u00a0\u00bb1_3&Prime; _builder_version=\u00a0\u00bb3.25&Prime; custom_padding=\u00a0\u00bb|||\u00a0\u00bb custom_padding__hover=\u00a0\u00bb|||\u00a0\u00bb][et_pb_image src=\u00a0\u00bbhttps:\/\/www.mado.de\/wp-content\/uploads\/2019\/04\/MSM-765-SL_001.png\u00a0\u00bb url=\u00a0\u00bb\/fr\/produits\/cutters\/machines-sur-pieds\/\u00a0\u00bb use_overlay=\u00a0\u00bbon\u00a0\u00bb overlay_icon_color=\u00a0\u00bb#ffffff\u00a0\u00bb hover_overlay_color=\u00a0\u00bbrgba(84,84,84,0.5)\u00a0\u00bb hover_icon=\u00a0\u00bb%%15%%\u00a0\u00bb align_tablet=\u00a0\u00bbcenter\u00a0\u00bb align_last_edited=\u00a0\u00bbon|desktop\u00a0\u00bb admin_label=\u00a0\u00bbProduktbild\u00a0\u00bb _builder_version=\u00a0\u00bb3.23&Prime; max_width_tablet=\u00a0\u00bb60%\u00a0\u00bb max_width_phone=\u00a0\u00bb70%\u00a0\u00bb max_width_last_edited=\u00a0\u00bbon|phone\u00a0\u00bb custom_padding=\u00a0\u00bb||\u00a0\u00bb][\/et_pb_image][et_pb_text admin_label=\u00a0\u00bbProduktname\u00a0\u00bb _builder_version=\u00a0\u00bb3.27.4&Prime; header_font=\u00a0\u00bb||||||||\u00a0\u00bb header_6_font=\u00a0\u00bb||||||||\u00a0\u00bb header_6_text_color=\u00a0\u00bb#545454&Prime; custom_margin=\u00a0\u00bb||\u00a0\u00bb link_option_url=\u00a0\u00bb\/fr\/produits\/cutters\/machines-sur-pieds\/\u00a0\u00bb header_text_color__hover_enabled=\u00a0\u00bbon\u00a0\u00bb text_text_color__hover_enabled=\u00a0\u00bbon\u00a0\u00bb header_6_text_color__hover_enabled=\u00a0\u00bbon\u00a0\u00bb header_6_text_color__hover=\u00a0\u00bb#ee7f01&Prime;]<\/p>\n<h6 style=\"text-align: center;\">Cutters sur pieds<\/h6>\n<p>[\/et_pb_text][\/et_pb_column][et_pb_column type=\u00a0\u00bb1_3&Prime; _builder_version=\u00a0\u00bb3.25&Prime; custom_padding=\u00a0\u00bb|||\u00a0\u00bb custom_padding__hover=\u00a0\u00bb|||\u00a0\u00bb][et_pb_image src=\u00a0\u00bbhttps:\/\/www.mado.de\/wp-content\/uploads\/2019\/05\/MSM-769-VA.jpg\u00a0\u00bb url=\u00a0\u00bb\/fr\/produits\/cutters\/cutters-industrielles\/\u00a0\u00bb use_overlay=\u00a0\u00bbon\u00a0\u00bb overlay_icon_color=\u00a0\u00bb#ffffff\u00a0\u00bb hover_overlay_color=\u00a0\u00bbrgba(84,84,84,0.5)\u00a0\u00bb hover_icon=\u00a0\u00bb%%15%%\u00a0\u00bb align_tablet=\u00a0\u00bbcenter\u00a0\u00bb align_last_edited=\u00a0\u00bbon|desktop\u00a0\u00bb admin_label=\u00a0\u00bbProduktbild\u00a0\u00bb _builder_version=\u00a0\u00bb3.23&Prime; max_width_tablet=\u00a0\u00bb60%\u00a0\u00bb max_width_phone=\u00a0\u00bb70%\u00a0\u00bb max_width_last_edited=\u00a0\u00bbon|phone\u00a0\u00bb custom_padding=\u00a0\u00bb||\u00a0\u00bb][\/et_pb_image][et_pb_text admin_label=\u00a0\u00bbProduktname\u00a0\u00bb _builder_version=\u00a0\u00bb3.27.4&Prime; header_font=\u00a0\u00bb||||||||\u00a0\u00bb header_6_font=\u00a0\u00bb||||||||\u00a0\u00bb header_6_text_color=\u00a0\u00bb#545454&Prime; custom_margin=\u00a0\u00bb||\u00a0\u00bb link_option_url=\u00a0\u00bb\/fr\/produits\/cutters\/cutters-industrielles\/\u00a0\u00bb text_text_color__hover_enabled=\u00a0\u00bbon\u00a0\u00bb header_text_color__hover_enabled=\u00a0\u00bbon\u00a0\u00bb header_6_text_color__hover_enabled=\u00a0\u00bbon\u00a0\u00bb header_6_text_color__hover=\u00a0\u00bb#ee7f01&Prime;]<\/p>\n<h6 style=\"text-align: center;\">Cutters industrielles<\/h6>\n<p>[\/et_pb_text][\/et_pb_column][\/et_pb_row][\/et_pb_section][et_pb_section fb_built=\u00a0\u00bb1&Prime; _builder_version=\u00a0\u00bb3.22&Prime; background_color=\u00a0\u00bb#edecea\u00a0\u00bb custom_padding=\u00a0\u00bb80px|0px|80px|0px|false|false\u00a0\u00bb][et_pb_row _builder_version=\u00a0\u00bb3.25&Prime; column_structure=\u00a0\u00bb2_3,1_3&Prime;][et_pb_column type=\u00a0\u00bb2_3&Prime; _builder_version=\u00a0\u00bb3.25&Prime; custom_padding=\u00a0\u00bb|||\u00a0\u00bb custom_padding__hover=\u00a0\u00bb|||\u00a0\u00bb][et_pb_text _builder_version=\u00a0\u00bb3.27.4&Prime; custom_margin=\u00a0\u00bb||20px\u00a0\u00bb]<\/p>\n<h3>MADO Cutters \u2013 De nouvelles technologies et des syst\u00e8mes innovants diminuent les co\u00fbts.<\/h3>\n<p>Les cutters MADO \u00e9conomisent du temps et de l&rsquo;argent et donnent les meilleurs r\u00e9sultats dans le travail des produits de qualit\u00e9 \u00e0 la cutter. Elles sont con\u00e7ues de mani\u00e8re cons\u00e9quente vers les diff\u00e9rents besoins des professionnels de la viande et de la charcuterie.<\/p>\n<p>Le grand nombre de variantes disponible correspond aux besoins respectifs de l&rsquo;artisanat et de l&rsquo;industrie.<\/p>\n<p>Une technique patent\u00e9e, \u00e9prouv\u00e9e et particuli\u00e8rement robuste , combin\u00e9e \u00e0 des mat\u00e9riaux de grande qualit\u00e9 et \u00e0 une fabrication exemplaire, garantissent dans chaque phase de travail des r\u00e9sultats optimaux.<\/p>\n<p>Les cutter sont la solution id\u00e9ale dans la fabrication et pr\u00e9paration de charcuteries, p\u00e2t\u00e9s, et r\u00e9duction d&rsquo;herbes et de l\u00e9gumes. Les cutters MADO sont disponibles en huit versions diff\u00e9rentes de 13 \u00e0 220 litres.<\/p>\n<p>[\/et_pb_text][\/et_pb_column][et_pb_column type=\u00a0\u00bb1_3&Prime; _builder_version=\u00a0\u00bb3.25&Prime; custom_padding=\u00a0\u00bb|||\u00a0\u00bb custom_padding__hover=\u00a0\u00bb|||\u00a0\u00bb][et_pb_code _builder_version=\u00a0\u00bb4.9.9&Prime; hover_enabled=\u00a0\u00bb0&Prime; sticky_enabled=\u00a0\u00bb0&Prime;]<iframe<!-- [et_pb_line_break_holder] -->    width=\u00a0\u00bb560&Prime;<!-- [et_pb_line_break_holder] -->    height=\u00a0\u00bb315&Prime;<!-- [et_pb_line_break_holder] -->    data-src=\u00a0\u00bbhttps:\/\/www.youtube.com\/embed\/s8g6gBySFWQ\u00a0\u00bb<!-- [et_pb_line_break_holder] -->    frameborder=\u00a0\u00bb0&Prime;<!-- [et_pb_line_break_holder] -->    allow=\u00a0\u00bbautoplay; encrypted-media\u00a0\u00bb<!-- [et_pb_line_break_holder] -->    allowfullscreen<!-- [et_pb_line_break_holder] -->    data-placeholder=\u00a0\u00bb\/wp-content\/uploads\/2019\/05\/thump-kutter.jpg\u00a0\u00bb<!-- [et_pb_line_break_holder] -->    data-lazyembed<!-- [et_pb_line_break_holder] -->><\/iframe>[\/et_pb_code][\/et_pb_column][\/et_pb_row][\/et_pb_section]<\/p>\n","protected":false},"excerpt":{"rendered":"<p>MADO CuttersPour des besoins diff\u00e9rents dans le m\u00e9tierCutters de tableCutters sur piedsCutters industriellesMADO Cutters \u2013 De nouvelles technologies et des syst\u00e8mes innovants diminuent les co\u00fbts. Les cutters MADO \u00e9conomisent du temps et de l&rsquo;argent et donnent les meilleurs r\u00e9sultats dans le travail des produits de qualit\u00e9 \u00e0 la cutter. Elles sont con\u00e7ues de mani\u00e8re cons\u00e9quente [&hellip;]<\/p>\n","protected":false},"author":3,"featured_media":0,"parent":3907,"menu_order":0,"comment_status":"closed","ping_status":"closed","template":"","meta":{"_et_pb_use_builder":"on","_et_pb_old_content":"","_et_gb_content_width":"","_expiration-date-status":"","_expiration-date":0,"_expiration-date-type":"","_expiration-date-categories":[],"_expiration-date-options":[]},"acf":[],"_links":{"self":[{"href":"https:\/\/www.mado.de\/fr\/wp-json\/wp\/v2\/pages\/3945"}],"collection":[{"href":"https:\/\/www.mado.de\/fr\/wp-json\/wp\/v2\/pages"}],"about":[{"href":"https:\/\/www.mado.de\/fr\/wp-json\/wp\/v2\/types\/page"}],"author":[{"embeddable":true,"href":"https:\/\/www.mado.de\/fr\/wp-json\/wp\/v2\/users\/3"}],"replies":[{"embeddable":true,"href":"https:\/\/www.mado.de\/fr\/wp-json\/wp\/v2\/comments?post=3945"}],"version-history":[{"count":8,"href":"https:\/\/www.mado.de\/fr\/wp-json\/wp\/v2\/pages\/3945\/revisions"}],"predecessor-version":[{"id":8678,"href":"https:\/\/www.mado.de\/fr\/wp-json\/wp\/v2\/pages\/3945\/revisions\/8678"}],"up":[{"embeddable":true,"href":"https:\/\/www.mado.de\/fr\/wp-json\/wp\/v2\/pages\/3907"}],"wp:attachment":[{"href":"https:\/\/www.mado.de\/fr\/wp-json\/wp\/v2\/media?parent=3945"}],"curies":[{"name":"wp","href":"https:\/\/api.w.org\/{rel}","templated":true}]}}