{"id":3949,"date":"2019-04-30T10:49:49","date_gmt":"2019-04-30T08:49:49","guid":{"rendered":"https:\/\/www.mado.de\/produits\/hachoirs-et-hachoirs-melangeurs\/"},"modified":"2022-09-22T08:03:07","modified_gmt":"2022-09-22T06:03:07","slug":"hachoirs-et-hachoirs-melangeurs","status":"publish","type":"page","link":"https:\/\/www.mado.de\/fr\/produits\/hachoirs-et-hachoirs-melangeurs\/","title":{"rendered":"Hachoirs et hachoirs m\u00e9langeurs"},"content":{"rendered":"<p>[et_pb_section fb_built=\u00a0\u00bb1&Prime; custom_padding_last_edited=\u00a0\u00bbon|phone\u00a0\u00bb _builder_version=\u00a0\u00bb3.22&Prime; use_background_color_gradient=\u00a0\u00bbon\u00a0\u00bb background_color_gradient_start=\u00a0\u00bbrgba(0,0,0,0.73)\u00a0\u00bb background_color_gradient_end=\u00a0\u00bbrgba(0,0,0,0.5)\u00a0\u00bb background_color_gradient_direction=\u00a0\u00bb69deg\u00a0\u00bb background_color_gradient_start_position=\u00a0\u00bb54%\u00a0\u00bb background_color_gradient_end_position=\u00a0\u00bb75%\u00a0\u00bb background_color_gradient_overlays_image=\u00a0\u00bbon\u00a0\u00bb background_image=\u00a0\u00bbhttps:\/\/www.mado.de\/wp-content\/uploads\/2019\/03\/gastroprospekt_07.jpg\u00a0\u00bb background_position=\u00a0\u00bbcenter_left\u00a0\u00bb custom_margin=\u00a0\u00bb||\u00a0\u00bb custom_padding=\u00a0\u00bb75px||75px||false|false\u00a0\u00bb custom_padding_tablet=\u00a0\u00bb||\u00a0\u00bb custom_padding_phone=\u00a0\u00bb||\u00a0\u00bb bottom_divider_color=\u00a0\u00bb#edecea\u00a0\u00bb bottom_divider_flip=\u00a0\u00bbhorizontal\u00a0\u00bb bottom_divider_height_tablet=\u00a0\u00bb70px\u00a0\u00bb bottom_divider_height_phone=\u00a0\u00bb50px\u00a0\u00bb bottom_divider_height_last_edited=\u00a0\u00bbon|phone\u00a0\u00bb][et_pb_row custom_padding_last_edited=\u00a0\u00bbon|desktop\u00a0\u00bb _builder_version=\u00a0\u00bb3.25&Prime; custom_margin=\u00a0\u00bb|||\u00a0\u00bb custom_padding=\u00a0\u00bb50px||50px|0|false|false\u00a0\u00bb custom_padding_tablet=\u00a0\u00bb|||\u00a0\u00bb custom_padding_phone=\u00a0\u00bb|50px||\u00a0\u00bb animation_style=\u00a0\u00bbslide\u00a0\u00bb animation_direction=\u00a0\u00bbbottom\u00a0\u00bb][et_pb_column type=\u00a0\u00bb4_4&Prime; _builder_version=\u00a0\u00bb3.25&Prime; custom_padding=\u00a0\u00bb|||\u00a0\u00bb custom_padding__hover=\u00a0\u00bb|||\u00a0\u00bb][et_pb_text admin_label=\u00a0\u00bbH1 &#8211; Produktkategorie\u00a0\u00bb _builder_version=\u00a0\u00bb3.27.4&Prime; background_layout=\u00a0\u00bbdark\u00a0\u00bb animation_direction=\u00a0\u00bbbottom\u00a0\u00bb header_text_shadow_style=\u00a0\u00bbpreset3&Prime; header_text_shadow_color=\u00a0\u00bb#000000&Prime;]<\/p>\n<h1 class=\"csc-firstHeader\">Hachoirs et hachoirs m\u00e9langeurs<\/h1>\n<p>[\/et_pb_text][et_pb_text admin_label=\u00a0\u00bbH4 &#8211; Subline\u00a0\u00bb _builder_version=\u00a0\u00bb3.27.4&Prime; background_layout=\u00a0\u00bbdark\u00a0\u00bb custom_margin=\u00a0\u00bb-30px||\u00a0\u00bb custom_margin_tablet=\u00a0\u00bb-35px|||\u00a0\u00bb custom_margin_phone=\u00a0\u00bb-35px||\u00a0\u00bb custom_margin_last_edited=\u00a0\u00bbon|phone\u00a0\u00bb animation_direction=\u00a0\u00bbbottom\u00a0\u00bb text_text_shadow_style=\u00a0\u00bbpreset3&Prime; header_text_shadow_style=\u00a0\u00bbpreset3&Prime; header_text_shadow_color=\u00a0\u00bb#000000&Prime;]<\/p>\n<h4>\u00c8quip\u00e9s de la technique de hachage brevet\u00e9e<\/h4>\n<p>[\/et_pb_text][\/et_pb_column][\/et_pb_row][\/et_pb_section][et_pb_section fb_built=\u00a0\u00bb1&Prime; _builder_version=\u00a0\u00bb3.22&Prime; background_color=\u00a0\u00bb#ffffff\u00a0\u00bb custom_padding=\u00a0\u00bb80px|0|80px|0px|false|false\u00a0\u00bb locked=\u00a0\u00bboff\u00a0\u00bb][et_pb_row column_structure=\u00a0\u00bb1_3,1_3,1_3&Prime; use_custom_gutter=\u00a0\u00bbon\u00a0\u00bb gutter_width=\u00a0\u00bb2&Prime; _builder_version=\u00a0\u00bb3.25&Prime; custom_padding=\u00a0\u00bb25.1719px|0px|30px|0px|false|false\u00a0\u00bb][et_pb_column type=\u00a0\u00bb1_3&Prime; _builder_version=\u00a0\u00bb3.25&Prime; custom_padding=\u00a0\u00bb|||\u00a0\u00bb custom_padding__hover=\u00a0\u00bb|||\u00a0\u00bb][et_pb_image src=\u00a0\u00bbhttps:\/\/www.mado.de\/wp-content\/uploads\/2019\/03\/Mado-MEW-718_frei.png\u00a0\u00bb url=\u00a0\u00bb@ET-DC@eyJkeW5hbWljIjp0cnVlLCJjb250ZW50IjoicG9zdF9saW5rX3VybF9wYWdlIiwic2V0dGluZ3MiOnsicG9zdF9pZCI6IjM5NTUifX0=@\u00a0\u00bb use_overlay=\u00a0\u00bbon\u00a0\u00bb overlay_icon_color=\u00a0\u00bb#ffffff\u00a0\u00bb hover_overlay_color=\u00a0\u00bbrgba(84,84,84,0.5)\u00a0\u00bb hover_icon=\u00a0\u00bb%%15%%\u00a0\u00bb align_tablet=\u00a0\u00bbcenter\u00a0\u00bb align_phone=\u00a0\u00bb\u00a0\u00bb align_last_edited=\u00a0\u00bbon|desktop\u00a0\u00bb admin_label=\u00a0\u00bbProduktbild\u00a0\u00bb _builder_version=\u00a0\u00bb4.4.7&Prime; _dynamic_attributes=\u00a0\u00bburl\u00a0\u00bb max_width_tablet=\u00a0\u00bb55%\u00a0\u00bb max_width_phone=\u00a0\u00bb70%\u00a0\u00bb max_width_last_edited=\u00a0\u00bbon|tablet\u00a0\u00bb custom_padding=\u00a0\u00bb||\u00a0\u00bb][\/et_pb_image][et_pb_text admin_label=\u00a0\u00bbProduktname\u00a0\u00bb _builder_version=\u00a0\u00bb4.4.7&Prime; _dynamic_attributes=\u00a0\u00bblink_option_url\u00a0\u00bb header_font=\u00a0\u00bb||||||||\u00a0\u00bb header_6_font=\u00a0\u00bb||||||||\u00a0\u00bb header_6_text_color=\u00a0\u00bb#545454&Prime; custom_margin=\u00a0\u00bb||\u00a0\u00bb link_option_url=\u00a0\u00bb@ET-DC@eyJkeW5hbWljIjp0cnVlLCJjb250ZW50IjoicG9zdF9saW5rX3VybF9wYWdlIiwic2V0dGluZ3MiOnsicG9zdF9pZCI6IjM5NTUifX0=@\u00a0\u00bb header_6_text_color__hover_enabled=\u00a0\u00bbon\u00a0\u00bb header_6_text_color__hover=\u00a0\u00bb#ee7f01&Prime;]<\/p>\n<h6 style=\"text-align: center;\">Hachoirs manuels<\/h6>\n<p>[\/et_pb_text][\/et_pb_column][et_pb_column type=\u00a0\u00bb1_3&Prime; _builder_version=\u00a0\u00bb3.25&Prime; custom_padding=\u00a0\u00bb|||\u00a0\u00bb custom_padding__hover=\u00a0\u00bb|||\u00a0\u00bb][et_pb_image src=\u00a0\u00bbhttps:\/\/www.mado.de\/wp-content\/uploads\/2019\/04\/MEW-722.png\u00a0\u00bb url=\u00a0\u00bb@ET-DC@eyJkeW5hbWljIjp0cnVlLCJjb250ZW50IjoicG9zdF9saW5rX3VybF9wYWdlIiwic2V0dGluZ3MiOnsicG9zdF9pZCI6IjM5NTkifX0=@\u00a0\u00bb use_overlay=\u00a0\u00bbon\u00a0\u00bb overlay_icon_color=\u00a0\u00bb#ffffff\u00a0\u00bb hover_overlay_color=\u00a0\u00bbrgba(84,84,84,0.5)\u00a0\u00bb hover_icon=\u00a0\u00bb%%15%%\u00a0\u00bb align_tablet=\u00a0\u00bbcenter\u00a0\u00bb align_phone=\u00a0\u00bb\u00a0\u00bb align_last_edited=\u00a0\u00bbon|desktop\u00a0\u00bb admin_label=\u00a0\u00bbProduktbild\u00a0\u00bb _builder_version=\u00a0\u00bb4.4.7&Prime; _dynamic_attributes=\u00a0\u00bburl\u00a0\u00bb max_width_tablet=\u00a0\u00bb60%\u00a0\u00bb max_width_phone=\u00a0\u00bb70%\u00a0\u00bb max_width_last_edited=\u00a0\u00bbon|phone\u00a0\u00bb custom_padding=\u00a0\u00bb||\u00a0\u00bb][\/et_pb_image][et_pb_text admin_label=\u00a0\u00bbProduktname\u00a0\u00bb _builder_version=\u00a0\u00bb4.4.7&Prime; _dynamic_attributes=\u00a0\u00bblink_option_url\u00a0\u00bb header_font=\u00a0\u00bb||||||||\u00a0\u00bb header_6_font=\u00a0\u00bb||||||||\u00a0\u00bb header_6_text_color=\u00a0\u00bb#545454&Prime; custom_margin=\u00a0\u00bb||\u00a0\u00bb link_option_url=\u00a0\u00bb@ET-DC@eyJkeW5hbWljIjp0cnVlLCJjb250ZW50IjoicG9zdF9saW5rX3VybF9wYWdlIiwic2V0dGluZ3MiOnsicG9zdF9pZCI6IjM5NTkifX0=@\u00a0\u00bb header_text_color__hover_enabled=\u00a0\u00bbon\u00a0\u00bb text_text_color__hover_enabled=\u00a0\u00bbon\u00a0\u00bb header_6_text_color__hover_enabled=\u00a0\u00bbon\u00a0\u00bb header_6_text_color__hover=\u00a0\u00bb#ee7f01&Prime;]<\/p>\n<h6 style=\"text-align: center;\">Hachoirs automatiques<\/h6>\n<p>[\/et_pb_text][\/et_pb_column][et_pb_column type=\u00a0\u00bb1_3&Prime; _builder_version=\u00a0\u00bb3.25&Prime; custom_padding=\u00a0\u00bb|||\u00a0\u00bb custom_padding__hover=\u00a0\u00bb|||\u00a0\u00bb][et_pb_image src=\u00a0\u00bbhttps:\/\/www.mado.de\/wp-content\/uploads\/2019\/04\/MEW-742-U200.jpg\u00a0\u00bb url=\u00a0\u00bb@ET-DC@eyJkeW5hbWljIjp0cnVlLCJjb250ZW50IjoicG9zdF9saW5rX3VybF9wYWdlIiwic2V0dGluZ3MiOnsicG9zdF9pZCI6IjM5NjMifX0=@\u00a0\u00bb use_overlay=\u00a0\u00bbon\u00a0\u00bb overlay_icon_color=\u00a0\u00bb#ffffff\u00a0\u00bb hover_overlay_color=\u00a0\u00bbrgba(84,84,84,0.5)\u00a0\u00bb hover_icon=\u00a0\u00bb%%15%%\u00a0\u00bb align_tablet=\u00a0\u00bbcenter\u00a0\u00bb align_phone=\u00a0\u00bb\u00a0\u00bb align_last_edited=\u00a0\u00bbon|desktop\u00a0\u00bb admin_label=\u00a0\u00bbProduktbild\u00a0\u00bb _builder_version=\u00a0\u00bb4.4.7&Prime; _dynamic_attributes=\u00a0\u00bburl\u00a0\u00bb max_width_tablet=\u00a0\u00bb60%\u00a0\u00bb max_width_phone=\u00a0\u00bb70%\u00a0\u00bb max_width_last_edited=\u00a0\u00bbon|phone\u00a0\u00bb custom_padding=\u00a0\u00bb||\u00a0\u00bb][\/et_pb_image][et_pb_text admin_label=\u00a0\u00bbProduktname\u00a0\u00bb _builder_version=\u00a0\u00bb4.4.7&Prime; _dynamic_attributes=\u00a0\u00bblink_option_url\u00a0\u00bb header_font=\u00a0\u00bb||||||||\u00a0\u00bb header_6_font=\u00a0\u00bb||||||||\u00a0\u00bb header_6_text_color=\u00a0\u00bb#545454&Prime; custom_margin=\u00a0\u00bb||\u00a0\u00bb link_option_url=\u00a0\u00bb@ET-DC@eyJkeW5hbWljIjp0cnVlLCJjb250ZW50IjoicG9zdF9saW5rX3VybF9wYWdlIiwic2V0dGluZ3MiOnsicG9zdF9pZCI6IjM5NjMifX0=@\u00a0\u00bb text_text_color__hover_enabled=\u00a0\u00bbon\u00a0\u00bb header_text_color__hover_enabled=\u00a0\u00bbon\u00a0\u00bb header_6_text_color__hover_enabled=\u00a0\u00bbon\u00a0\u00bb header_6_text_color__hover=\u00a0\u00bb#ee7f01&Prime;]<\/p>\n<h6 style=\"text-align: center;\">Hachoirs \u00e0 extrusion<\/h6>\n<p>[\/et_pb_text][\/et_pb_column][\/et_pb_row][\/et_pb_section][et_pb_section fb_built=\u00a0\u00bb1&Prime; _builder_version=\u00a0\u00bb3.22&Prime; background_color=\u00a0\u00bb#edecea\u00a0\u00bb custom_padding=\u00a0\u00bb80px|0px|80px|0px|false|false\u00a0\u00bb][et_pb_row column_structure=\u00a0\u00bb2_3,1_3&Prime; _builder_version=\u00a0\u00bb3.25&Prime;][et_pb_column type=\u00a0\u00bb2_3&Prime; _builder_version=\u00a0\u00bb3.25&Prime; custom_padding=\u00a0\u00bb|||\u00a0\u00bb custom_padding__hover=\u00a0\u00bb|||\u00a0\u00bb][et_pb_text _builder_version=\u00a0\u00bb3.27.4&Prime; custom_margin=\u00a0\u00bb||20px\u00a0\u00bb]<\/p>\n<h5>La gamme de hachoirs \u00e0 viande MADO est une des plus larges du march\u00e9.<\/h5>\n<p>Des hachoirs couvrant toutes les capacit\u00e9s, de 100 kg\/heure \u00e0 36 tonnes\/heure, figurent au programme de fabrication.<\/p>\n<p>Tous les hachoirs \u00e0 viande de MADO sont \u00e9quip\u00e9s de la technique de hachage brevet\u00e9e.<\/p>\n<p>Gr\u00e2ce \u00e0 la construction r\u00e9solument orient\u00e9e vers l&rsquo;hygi\u00e8ne (soudures meul\u00e9es lisses sur toutes les machines), tous les hachoirs de MADO b\u00e9n\u00e9ficient d&rsquo;une facilit\u00e9 de nettoyage exemplaire.<br \/>\n[\/et_pb_text][\/et_pb_column][et_pb_column type=\u00a0\u00bb1_3&Prime; _builder_version=\u00a0\u00bb3.25&Prime; custom_padding=\u00a0\u00bb|||\u00a0\u00bb custom_padding__hover=\u00a0\u00bb|||\u00a0\u00bb][et_pb_code _builder_version=\u00a0\u00bb4.9.9&Prime; hover_enabled=\u00a0\u00bb0&Prime; sticky_enabled=\u00a0\u00bb0&Prime;]<iframe<!-- [et_pb_line_break_holder] -->    width=\u00a0\u00bb560&Prime;<!-- [et_pb_line_break_holder] -->    height=\u00a0\u00bb315&Prime;<!-- [et_pb_line_break_holder] -->    data-src=\u00a0\u00bbhttps:\/\/www.youtube.com\/embed\/Hk_7GLQzFTo\u00a0\u00bb<!-- [et_pb_line_break_holder] -->    frameborder=\u00a0\u00bb0&Prime;<!-- [et_pb_line_break_holder] -->    allow=\u00a0\u00bbautoplay; encrypted-media\u00a0\u00bb<!-- [et_pb_line_break_holder] -->    allowfullscreen<!-- [et_pb_line_break_holder] -->    data-placeholder=\u00a0\u00bb\/wp-content\/uploads\/2019\/05\/thumb-yt-mischwoelfe.jpg\u00a0\u00bb<!-- [et_pb_line_break_holder] -->    data-lazyembed<!-- [et_pb_line_break_holder] -->><\/iframe>[\/et_pb_code][et_pb_code _builder_version=\u00a0\u00bb3.21.1&Prime;]<iframe<!-- [et_pb_line_break_holder] -->    width=\u00a0\u00bb560&Prime;<!-- [et_pb_line_break_holder] -->    height=\u00a0\u00bb315&Prime;<!-- [et_pb_line_break_holder] -->    data-src=\u00a0\u00bbhttps:\/\/www.youtube.com\/embed\/UH1UG18ukOI\u00a0\u00bb<!-- [et_pb_line_break_holder] -->    frameborder=\u00a0\u00bb0&Prime;<!-- [et_pb_line_break_holder] -->    allow=\u00a0\u00bbautoplay; encrypted-media\u00a0\u00bb<!-- [et_pb_line_break_holder] -->    allowfullscreen<!-- [et_pb_line_break_holder] -->    data-placeholder=\u00a0\u00bb\/wp-content\/uploads\/2019\/05\/thumb-yt-mischwoelfe-2.jpg\u00a0\u00bb<!-- [et_pb_line_break_holder] -->    data-lazyembed<!-- [et_pb_line_break_holder] -->><\/iframe>[\/et_pb_code][\/et_pb_column][\/et_pb_row][\/et_pb_section]<\/p>\n","protected":false},"excerpt":{"rendered":"<p>Hachoirs et hachoirs m\u00e9langeurs\u00c8quip\u00e9s de la technique de hachage brevet\u00e9eHachoirs manuelsHachoirs automatiquesHachoirs \u00e0 extrusionLa gamme de hachoirs \u00e0 viande MADO est une des plus larges du march\u00e9. Des hachoirs couvrant toutes les capacit\u00e9s, de 100 kg\/heure \u00e0 36 tonnes\/heure, figurent au programme de fabrication. Tous les hachoirs \u00e0 viande de MADO sont \u00e9quip\u00e9s de la [&hellip;]<\/p>\n","protected":false},"author":3,"featured_media":0,"parent":3907,"menu_order":0,"comment_status":"closed","ping_status":"closed","template":"","meta":{"_acf_changed":false,"_et_pb_use_builder":"on","_et_pb_old_content":"","_et_gb_content_width":"","footnotes":""},"class_list":["post-3949","page","type-page","status-publish","hentry"],"acf":[],"publishpress_future_action":{"enabled":false,"date":"2026-05-19 17:43:39","action":"change-status","newStatus":"draft","terms":[],"taxonomy":"translation_priority","extraData":[]},"publishpress_future_workflow_manual_trigger":{"enabledWorkflows":[]},"_links":{"self":[{"href":"https:\/\/www.mado.de\/fr\/wp-json\/wp\/v2\/pages\/3949","targetHints":{"allow":["GET"]}}],"collection":[{"href":"https:\/\/www.mado.de\/fr\/wp-json\/wp\/v2\/pages"}],"about":[{"href":"https:\/\/www.mado.de\/fr\/wp-json\/wp\/v2\/types\/page"}],"author":[{"embeddable":true,"href":"https:\/\/www.mado.de\/fr\/wp-json\/wp\/v2\/users\/3"}],"replies":[{"embeddable":true,"href":"https:\/\/www.mado.de\/fr\/wp-json\/wp\/v2\/comments?post=3949"}],"version-history":[{"count":9,"href":"https:\/\/www.mado.de\/fr\/wp-json\/wp\/v2\/pages\/3949\/revisions"}],"predecessor-version":[{"id":8674,"href":"https:\/\/www.mado.de\/fr\/wp-json\/wp\/v2\/pages\/3949\/revisions\/8674"}],"up":[{"embeddable":true,"href":"https:\/\/www.mado.de\/fr\/wp-json\/wp\/v2\/pages\/3907"}],"wp:attachment":[{"href":"https:\/\/www.mado.de\/fr\/wp-json\/wp\/v2\/media?parent=3949"}],"curies":[{"name":"wp","href":"https:\/\/api.w.org\/{rel}","templated":true}]}}