{"id":3955,"date":"2019-04-30T11:06:38","date_gmt":"2019-04-30T09:06:38","guid":{"rendered":"https:\/\/www.mado.de\/produits\/hachoirs-et-hachoirs-melangeurs\/hachoirs-manuels\/"},"modified":"2019-04-30T11:06:39","modified_gmt":"2019-04-30T09:06:39","slug":"hachoirs-manuels","status":"publish","type":"page","link":"https:\/\/www.mado.de\/fr\/produits\/hachoirs-et-hachoirs-melangeurs\/hachoirs-manuels\/","title":{"rendered":"Hachoirs manuels"},"content":{"rendered":"<p>[et_pb_section fb_built=\u00a0\u00bb1&Prime; custom_padding_last_edited=\u00a0\u00bbon|phone\u00a0\u00bb _builder_version=\u00a0\u00bb3.21.1&Prime; use_background_color_gradient=\u00a0\u00bbon\u00a0\u00bb background_color_gradient_start=\u00a0\u00bbrgba(0,0,0,0.73)\u00a0\u00bb background_color_gradient_end=\u00a0\u00bbrgba(0,0,0,0.5)\u00a0\u00bb background_color_gradient_direction=\u00a0\u00bb69deg\u00a0\u00bb background_color_gradient_start_position=\u00a0\u00bb54%\u00a0\u00bb background_color_gradient_end_position=\u00a0\u00bb75%\u00a0\u00bb background_color_gradient_overlays_image=\u00a0\u00bbon\u00a0\u00bb background_image=\u00a0\u00bbhttps:\/\/www.mado.de\/wp-content\/uploads\/2019\/03\/gastroprospekt_07.jpg\u00a0\u00bb background_position=\u00a0\u00bbcenter_left\u00a0\u00bb custom_margin=\u00a0\u00bb||\u00a0\u00bb custom_padding=\u00a0\u00bb75px||75px||false|false\u00a0\u00bb custom_padding_tablet=\u00a0\u00bb100px||125px\u00a0\u00bb custom_padding_phone=\u00a0\u00bb75px||75px\u00a0\u00bb bottom_divider_color=\u00a0\u00bb#edecea\u00a0\u00bb bottom_divider_flip=\u00a0\u00bbhorizontal\u00a0\u00bb bottom_divider_height_tablet=\u00a0\u00bb70px\u00a0\u00bb bottom_divider_height_phone=\u00a0\u00bb50px\u00a0\u00bb bottom_divider_height_last_edited=\u00a0\u00bbon|phone\u00a0\u00bb][et_pb_row custom_padding=\u00a0\u00bb50px||50px|0|false|false\u00a0\u00bb custom_padding_tablet=\u00a0\u00bb|||\u00a0\u00bb custom_padding_phone=\u00a0\u00bb|||\u00a0\u00bb custom_margin=\u00a0\u00bb|||\u00a0\u00bb custom_padding_last_edited=\u00a0\u00bbon|phone\u00a0\u00bb _builder_version=\u00a0\u00bb3.21.1&Prime; animation_style=\u00a0\u00bbslide\u00a0\u00bb animation_direction=\u00a0\u00bbbottom\u00a0\u00bb hover_enabled=\u00a0\u00bb0&Prime;][et_pb_column type=\u00a0\u00bb4_4&Prime; _builder_version=\u00a0\u00bb3.0.47&Prime;][et_pb_text admin_label=\u00a0\u00bbH1 &#8211; Produktkategorie\u00a0\u00bb _builder_version=\u00a0\u00bb3.19.18&Prime; header_text_shadow_style=\u00a0\u00bbpreset3&Prime; header_text_shadow_color=\u00a0\u00bb#000000&Prime; background_layout=\u00a0\u00bbdark\u00a0\u00bb animation_direction=\u00a0\u00bbbottom\u00a0\u00bb]<\/p>\n<h1 class=\"csc-firstHeader\">Hachoirs manuels<\/h1>\n<p>[\/et_pb_text][et_pb_text admin_label=\u00a0\u00bbH4 &#8211; Subline\u00a0\u00bb _builder_version=\u00a0\u00bb3.19.18&Prime; text_text_shadow_style=\u00a0\u00bbpreset3&Prime; header_text_shadow_style=\u00a0\u00bbpreset3&Prime; header_text_shadow_color=\u00a0\u00bb#000000&Prime; background_layout=\u00a0\u00bbdark\u00a0\u00bb custom_margin=\u00a0\u00bb-30px||\u00a0\u00bb custom_margin_tablet=\u00a0\u00bb-35px|||\u00a0\u00bb custom_margin_phone=\u00a0\u00bb-35px||\u00a0\u00bb custom_margin_last_edited=\u00a0\u00bbon|phone\u00a0\u00bb animation_direction=\u00a0\u00bbbottom\u00a0\u00bb]<\/p>\n<h4>Hachoirs manuels MADO, uniquement pour les experts<\/h4>\n<p>[\/et_pb_text][\/et_pb_column][\/et_pb_row][\/et_pb_section][et_pb_section fb_built=\u00a0\u00bb1&Prime; _builder_version=\u00a0\u00bb3.21.1&Prime; background_color=\u00a0\u00bb#ffffff\u00a0\u00bb custom_padding=\u00a0\u00bb80px|0px|80px|0px|false|false\u00a0\u00bb][et_pb_row _builder_version=\u00a0\u00bb3.21.1&Prime;][et_pb_column type=\u00a0\u00bb4_4&Prime; _builder_version=\u00a0\u00bb3.21.1&Prime;][et_pb_portfolio fullwidth=\u00a0\u00bboff\u00a0\u00bb posts_number=\u00a0\u00bb30&Prime; include_categories=\u00a0\u00bb19&Prime; show_categories=\u00a0\u00bboff\u00a0\u00bb show_pagination=\u00a0\u00bboff\u00a0\u00bb zoom_icon_color=\u00a0\u00bb#ffffff\u00a0\u00bb hover_overlay_color=\u00a0\u00bbrgba(84,84,84,0.7)\u00a0\u00bb hover_icon=\u00a0\u00bb%%13%%\u00a0\u00bb module_class=\u00a0\u00bbproduct-overview\u00a0\u00bb _builder_version=\u00a0\u00bb3.21.1&Prime; title_level=\u00a0\u00bbh6&Prime; title_font=\u00a0\u00bb||||||||\u00a0\u00bb title_text_align=\u00a0\u00bbcenter\u00a0\u00bb][\/et_pb_portfolio][\/et_pb_column][\/et_pb_row][\/et_pb_section][et_pb_section fb_built=\u00a0\u00bb1&Prime; _builder_version=\u00a0\u00bb3.21.1&Prime; background_color=\u00a0\u00bb#edecea\u00a0\u00bb custom_padding=\u00a0\u00bb80px|0px|80px|0px|false|false\u00a0\u00bb][et_pb_row custom_padding=\u00a0\u00bb27px|0px|0|0px|false|false\u00a0\u00bb _builder_version=\u00a0\u00bb3.21.1&Prime;][et_pb_column type=\u00a0\u00bb4_4&Prime; _builder_version=\u00a0\u00bb3.0.47&Prime;][et_pb_text _builder_version=\u00a0\u00bb3.21.1&Prime; text_font=\u00a0\u00bb||||||||\u00a0\u00bb]<\/p>\n<h4><strong>Hachoirs manuels MADO, uniquement pour les experts<\/strong><\/h4>\n<p>[\/et_pb_text][\/et_pb_column][\/et_pb_row][et_pb_row custom_padding=\u00a0\u00bb0|0px|27px|0px|false|false\u00a0\u00bb _builder_version=\u00a0\u00bb3.21.1&Prime;][et_pb_column type=\u00a0\u00bb2_3&Prime; _builder_version=\u00a0\u00bb3.0.47&Prime;][et_pb_text _builder_version=\u00a0\u00bb3.21.1&Prime;]Les hachoirs MADO sont utilis\u00e9s depuis des d\u00e9cennies dans le m\u00e9tier de la viande, la GMS, les cuisines collectives ainsi que dans les ventes \u00e0 la ferme. L&rsquo;exp\u00e9rience en r\u00e9sultant permet une optimisation permanente des hachoirs MADO.<\/p>\n<p>Tous les composants qui sont en contact avec les produits alimentaires, tels bac, goulotte, corps de coupe et b\u00e2ti de la machine sont, dans les hachoirs manuels MADO, enti\u00e8rement soud\u00e9s sans raccords. Ainsi est atteint le plus haut niveau d&rsquo;hygi\u00e8ne.<\/p>\n<p>Le programme des hachoirs manuels MADO correspond bien s\u00fbr aux directives machines de la CE en mati\u00e8re d&rsquo;hygi\u00e8ne et de s\u00e9curit\u00e9.<\/p>\n<ul>\n<li>Syst\u00e8me de r\u00e9duction patent\u00e9.<\/li>\n<li>Corps de vis amovible.<\/li>\n<li>Tr\u00e8s haut rendement.<\/li>\n<li>Image de coupe de premi\u00e8re qualit\u00e9.<\/li>\n<li>R\u00e9chauffement minimal.<\/li>\n<li>Meilleure hygi\u00e8ne possible.<\/li>\n<li>Nettoyage tr\u00e8s facile.<\/li>\n<li>Diff\u00e9rents rendements pour tous les usages.<\/li>\n<li>Design moderne et pratique.<\/li>\n<li>Surfaces lisses.<\/li>\n<li>Tout en acier inoxydable.<\/li>\n<li>Hygi\u00e9niquement propre, simple \u00e0 nettoyer.<\/li>\n<\/ul>\n<p>[\/et_pb_text][\/et_pb_column][et_pb_column type=\u00a0\u00bb1_3&Prime; _builder_version=\u00a0\u00bb3.0.47&Prime;][\/et_pb_column][\/et_pb_row][\/et_pb_section]<\/p>\n","protected":false},"excerpt":{"rendered":"<p>Hachoirs manuelsHachoirs manuels MADO, uniquement pour les expertsHachoirs manuels MADO, uniquement pour les expertsLes hachoirs MADO sont utilis\u00e9s depuis des d\u00e9cennies dans le m\u00e9tier de la viande, la GMS, les cuisines collectives ainsi que dans les ventes \u00e0 la ferme. L&rsquo;exp\u00e9rience en r\u00e9sultant permet une optimisation permanente des hachoirs MADO. Tous les composants qui sont [&hellip;]<\/p>\n","protected":false},"author":3,"featured_media":0,"parent":3949,"menu_order":0,"comment_status":"closed","ping_status":"closed","template":"","meta":{"_et_pb_use_builder":"on","_et_pb_old_content":"","_et_gb_content_width":"","_expiration-date-status":"","_expiration-date":0,"_expiration-date-type":"","_expiration-date-categories":[],"_expiration-date-options":[]},"acf":[],"_links":{"self":[{"href":"https:\/\/www.mado.de\/fr\/wp-json\/wp\/v2\/pages\/3955"}],"collection":[{"href":"https:\/\/www.mado.de\/fr\/wp-json\/wp\/v2\/pages"}],"about":[{"href":"https:\/\/www.mado.de\/fr\/wp-json\/wp\/v2\/types\/page"}],"author":[{"embeddable":true,"href":"https:\/\/www.mado.de\/fr\/wp-json\/wp\/v2\/users\/3"}],"replies":[{"embeddable":true,"href":"https:\/\/www.mado.de\/fr\/wp-json\/wp\/v2\/comments?post=3955"}],"version-history":[{"count":1,"href":"https:\/\/www.mado.de\/fr\/wp-json\/wp\/v2\/pages\/3955\/revisions"}],"predecessor-version":[{"id":3956,"href":"https:\/\/www.mado.de\/fr\/wp-json\/wp\/v2\/pages\/3955\/revisions\/3956"}],"up":[{"embeddable":true,"href":"https:\/\/www.mado.de\/fr\/wp-json\/wp\/v2\/pages\/3949"}],"wp:attachment":[{"href":"https:\/\/www.mado.de\/fr\/wp-json\/wp\/v2\/media?parent=3955"}],"curies":[{"name":"wp","href":"https:\/\/api.w.org\/{rel}","templated":true}]}}