{"id":3963,"date":"2019-04-30T11:14:57","date_gmt":"2019-04-30T09:14:57","guid":{"rendered":"https:\/\/www.mado.de\/produits\/hachoirs-et-hachoirs-melangeurs\/hachoir-industriel\/"},"modified":"2022-07-26T12:59:41","modified_gmt":"2022-07-26T10:59:41","slug":"hachoirs-industriels","status":"publish","type":"page","link":"https:\/\/www.mado.de\/fr\/produits\/hachoirs-et-hachoirs-melangeurs\/hachoirs-industriels\/","title":{"rendered":"Hachoirs industriels"},"content":{"rendered":"<p>[et_pb_section fb_built=\u00a0\u00bb1&Prime; custom_padding_last_edited=\u00a0\u00bbon|phone\u00a0\u00bb _builder_version=\u00a0\u00bb3.22&Prime; use_background_color_gradient=\u00a0\u00bbon\u00a0\u00bb background_color_gradient_start=\u00a0\u00bbrgba(0,0,0,0.73)\u00a0\u00bb background_color_gradient_end=\u00a0\u00bbrgba(0,0,0,0.5)\u00a0\u00bb background_color_gradient_direction=\u00a0\u00bb69deg\u00a0\u00bb background_color_gradient_start_position=\u00a0\u00bb54%\u00a0\u00bb background_color_gradient_end_position=\u00a0\u00bb75%\u00a0\u00bb background_color_gradient_overlays_image=\u00a0\u00bbon\u00a0\u00bb background_image=\u00a0\u00bbhttps:\/\/www.mado.de\/wp-content\/uploads\/2019\/03\/gastroprospekt_07.jpg\u00a0\u00bb background_position=\u00a0\u00bbcenter_left\u00a0\u00bb custom_margin=\u00a0\u00bb||\u00a0\u00bb custom_padding=\u00a0\u00bb75px||75px||false|false\u00a0\u00bb custom_padding_tablet=\u00a0\u00bb100px||125px\u00a0\u00bb custom_padding_phone=\u00a0\u00bb75px||75px\u00a0\u00bb bottom_divider_color=\u00a0\u00bb#edecea\u00a0\u00bb bottom_divider_flip=\u00a0\u00bbhorizontal\u00a0\u00bb bottom_divider_height_tablet=\u00a0\u00bb70px\u00a0\u00bb bottom_divider_height_phone=\u00a0\u00bb50px\u00a0\u00bb bottom_divider_height_last_edited=\u00a0\u00bbon|phone\u00a0\u00bb][et_pb_row custom_padding_last_edited=\u00a0\u00bbon|phone\u00a0\u00bb _builder_version=\u00a0\u00bb3.25&Prime; custom_margin=\u00a0\u00bb|||\u00a0\u00bb custom_padding=\u00a0\u00bb50px||50px|0|false|false\u00a0\u00bb custom_padding_tablet=\u00a0\u00bb|||\u00a0\u00bb custom_padding_phone=\u00a0\u00bb|||\u00a0\u00bb animation_style=\u00a0\u00bbslide\u00a0\u00bb animation_direction=\u00a0\u00bbbottom\u00a0\u00bb][et_pb_column type=\u00a0\u00bb4_4&Prime; _builder_version=\u00a0\u00bb3.25&Prime; custom_padding=\u00a0\u00bb|||\u00a0\u00bb custom_padding__hover=\u00a0\u00bb|||\u00a0\u00bb][et_pb_text admin_label=\u00a0\u00bbH1 &#8211; Produktkategorie\u00a0\u00bb _builder_version=\u00a0\u00bb4.9.9&Prime; background_layout=\u00a0\u00bbdark\u00a0\u00bb animation_direction=\u00a0\u00bbbottom\u00a0\u00bb hover_enabled=\u00a0\u00bb0&Prime; header_text_shadow_style=\u00a0\u00bbpreset3&Prime; header_text_shadow_color=\u00a0\u00bb#000000&Prime; sticky_enabled=\u00a0\u00bb0&Prime;]<\/p>\n<h1>Hachoirs industriels<\/h1>\n<p>[\/et_pb_text][et_pb_text admin_label=\u00a0\u00bbH4 &#8211; Subline\u00a0\u00bb _builder_version=\u00a0\u00bb3.27.4&Prime; background_layout=\u00a0\u00bbdark\u00a0\u00bb custom_margin=\u00a0\u00bb-30px||\u00a0\u00bb custom_margin_tablet=\u00a0\u00bb-35px|||\u00a0\u00bb custom_margin_phone=\u00a0\u00bb-35px||\u00a0\u00bb custom_margin_last_edited=\u00a0\u00bbon|phone\u00a0\u00bb animation_direction=\u00a0\u00bbbottom\u00a0\u00bb text_text_shadow_style=\u00a0\u00bbpreset3&Prime; header_text_shadow_style=\u00a0\u00bbpreset3&Prime; header_text_shadow_color=\u00a0\u00bb#000000&Prime;]<\/p>\n<h4>Mod\u00e8les puissants<\/h4>\n<p>[\/et_pb_text][\/et_pb_column][\/et_pb_row][\/et_pb_section][et_pb_section fb_built=\u00a0\u00bb1&Prime; _builder_version=\u00a0\u00bb3.22&Prime; background_color=\u00a0\u00bb#ffffff\u00a0\u00bb custom_padding=\u00a0\u00bb80px|0px|80px|0px|false|false\u00a0\u00bb][et_pb_row _builder_version=\u00a0\u00bb3.25&Prime;][et_pb_column type=\u00a0\u00bb4_4&Prime; _builder_version=\u00a0\u00bb3.25&Prime; custom_padding=\u00a0\u00bb|||\u00a0\u00bb custom_padding__hover=\u00a0\u00bb|||\u00a0\u00bb][et_pb_portfolio fullwidth=\u00a0\u00bboff\u00a0\u00bb posts_number=\u00a0\u00bb30&Prime; include_categories=\u00a0\u00bb47&Prime; show_categories=\u00a0\u00bboff\u00a0\u00bb show_pagination=\u00a0\u00bboff\u00a0\u00bb zoom_icon_color=\u00a0\u00bb#ffffff\u00a0\u00bb hover_overlay_color=\u00a0\u00bbrgba(84,84,84,0.7)\u00a0\u00bb hover_icon=\u00a0\u00bb%%13%%\u00a0\u00bb module_class=\u00a0\u00bbproduct-overview\u00a0\u00bb _builder_version=\u00a0\u00bb3.21.1&Prime; title_level=\u00a0\u00bbh6&Prime; title_font=\u00a0\u00bb||||||||\u00a0\u00bb title_text_align=\u00a0\u00bbcenter\u00a0\u00bb][\/et_pb_portfolio][\/et_pb_column][\/et_pb_row][\/et_pb_section][et_pb_section fb_built=\u00a0\u00bb1&Prime; _builder_version=\u00a0\u00bb3.22&Prime; background_color=\u00a0\u00bb#edecea\u00a0\u00bb custom_padding=\u00a0\u00bb80px|0px|80px|0px|false|false\u00a0\u00bb][et_pb_row _builder_version=\u00a0\u00bb3.25&Prime; custom_padding=\u00a0\u00bb27px|0px|0|0px|false|false\u00a0\u00bb][et_pb_column type=\u00a0\u00bb4_4&Prime; _builder_version=\u00a0\u00bb3.25&Prime; custom_padding=\u00a0\u00bb|||\u00a0\u00bb custom_padding__hover=\u00a0\u00bb|||\u00a0\u00bb][et_pb_text _builder_version=\u00a0\u00bb3.27.4&Prime; text_font=\u00a0\u00bb||||||||\u00a0\u00bb]<\/p>\n<h1>MADO hachoir industriel<\/h1>\n<p>[\/et_pb_text][\/et_pb_column][\/et_pb_row][et_pb_row column_structure=\u00a0\u00bb2_3,1_3&Prime; _builder_version=\u00a0\u00bb3.25&Prime; custom_padding=\u00a0\u00bb0|0px|27px|0px|false|false\u00a0\u00bb][et_pb_column type=\u00a0\u00bb2_3&Prime; _builder_version=\u00a0\u00bb3.25&Prime; custom_padding=\u00a0\u00bb|||\u00a0\u00bb custom_padding__hover=\u00a0\u00bb|||\u00a0\u00bb][et_pb_text _builder_version=\u00a0\u00bb3.27.4&Prime;]Machines professionelles sp\u00e9ciales pour l&rsquo;industrie alimentaire exigeante. Des mod\u00e8les puissants sont \u00e0 disposition, avec une capacit\u00e9 de 5.000 kg\/h jusqu&rsquo;\u00e0 36.000 kg\/h.[\/et_pb_text][\/et_pb_column][et_pb_column type=\u00a0\u00bb1_3&Prime; _builder_version=\u00a0\u00bb3.25&Prime; custom_padding=\u00a0\u00bb|||\u00a0\u00bb custom_padding__hover=\u00a0\u00bb|||\u00a0\u00bb][\/et_pb_column][\/et_pb_row][\/et_pb_section]<\/p>\n","protected":false},"excerpt":{"rendered":"<p>Hachoirs industrielsMod\u00e8les puissantsMADO hachoir industrielMachines professionelles sp\u00e9ciales pour l&rsquo;industrie alimentaire exigeante. Des mod\u00e8les puissants sont \u00e0 disposition, avec une capacit\u00e9 de 5.000 kg\/h jusqu&rsquo;\u00e0 36.000 kg\/h.<\/p>\n","protected":false},"author":3,"featured_media":0,"parent":3949,"menu_order":0,"comment_status":"closed","ping_status":"closed","template":"","meta":{"_acf_changed":false,"_et_pb_use_builder":"on","_et_pb_old_content":"","_et_gb_content_width":"","footnotes":""},"class_list":["post-3963","page","type-page","status-publish","hentry"],"acf":[],"publishpress_future_action":{"enabled":false,"date":"2026-05-19 17:50:42","action":"change-status","newStatus":"draft","terms":[],"taxonomy":"translation_priority","extraData":[]},"publishpress_future_workflow_manual_trigger":{"enabledWorkflows":[]},"_links":{"self":[{"href":"https:\/\/www.mado.de\/fr\/wp-json\/wp\/v2\/pages\/3963","targetHints":{"allow":["GET"]}}],"collection":[{"href":"https:\/\/www.mado.de\/fr\/wp-json\/wp\/v2\/pages"}],"about":[{"href":"https:\/\/www.mado.de\/fr\/wp-json\/wp\/v2\/types\/page"}],"author":[{"embeddable":true,"href":"https:\/\/www.mado.de\/fr\/wp-json\/wp\/v2\/users\/3"}],"replies":[{"embeddable":true,"href":"https:\/\/www.mado.de\/fr\/wp-json\/wp\/v2\/comments?post=3963"}],"version-history":[{"count":4,"href":"https:\/\/www.mado.de\/fr\/wp-json\/wp\/v2\/pages\/3963\/revisions"}],"predecessor-version":[{"id":8377,"href":"https:\/\/www.mado.de\/fr\/wp-json\/wp\/v2\/pages\/3963\/revisions\/8377"}],"up":[{"embeddable":true,"href":"https:\/\/www.mado.de\/fr\/wp-json\/wp\/v2\/pages\/3949"}],"wp:attachment":[{"href":"https:\/\/www.mado.de\/fr\/wp-json\/wp\/v2\/media?parent=3963"}],"curies":[{"name":"wp","href":"https:\/\/api.w.org\/{rel}","templated":true}]}}