{"id":3967,"date":"2019-04-30T11:25:12","date_gmt":"2019-04-30T09:25:12","guid":{"rendered":"https:\/\/www.mado.de\/produits\/cutters\/cutters-industrielles\/"},"modified":"2019-04-30T11:25:13","modified_gmt":"2019-04-30T09:25:13","slug":"cutters-industrielles","status":"publish","type":"page","link":"https:\/\/www.mado.de\/fr\/produits\/cutters\/cutters-industrielles\/","title":{"rendered":"Cutters industrielles"},"content":{"rendered":"<p>[et_pb_section fb_built=\u00a0\u00bb1&Prime; custom_padding_last_edited=\u00a0\u00bbon|phone\u00a0\u00bb _builder_version=\u00a0\u00bb3.21.1&Prime; use_background_color_gradient=\u00a0\u00bbon\u00a0\u00bb background_color_gradient_start=\u00a0\u00bbrgba(0,0,0,0.73)\u00a0\u00bb background_color_gradient_end=\u00a0\u00bbrgba(0,0,0,0.3)\u00a0\u00bb background_color_gradient_direction=\u00a0\u00bb69deg\u00a0\u00bb background_color_gradient_start_position=\u00a0\u00bb54%\u00a0\u00bb background_color_gradient_end_position=\u00a0\u00bb75%\u00a0\u00bb background_color_gradient_overlays_image=\u00a0\u00bbon\u00a0\u00bb background_image=\u00a0\u00bbhttps:\/\/www.mado.de\/wp-content\/uploads\/2019\/03\/hero-kutter.jpg\u00a0\u00bb background_position=\u00a0\u00bbcenter_left\u00a0\u00bb custom_margin=\u00a0\u00bb||\u00a0\u00bb custom_padding=\u00a0\u00bb75px||75px||false|false\u00a0\u00bb custom_padding_tablet=\u00a0\u00bb100px||125px\u00a0\u00bb custom_padding_phone=\u00a0\u00bb75px||75px\u00a0\u00bb bottom_divider_color=\u00a0\u00bb#edecea\u00a0\u00bb bottom_divider_flip=\u00a0\u00bbhorizontal\u00a0\u00bb bottom_divider_height_tablet=\u00a0\u00bb70px\u00a0\u00bb bottom_divider_height_phone=\u00a0\u00bb50px\u00a0\u00bb bottom_divider_height_last_edited=\u00a0\u00bbon|phone\u00a0\u00bb][et_pb_row custom_padding=\u00a0\u00bb50px||50px|0|false|false\u00a0\u00bb custom_padding_tablet=\u00a0\u00bb|||\u00a0\u00bb custom_padding_phone=\u00a0\u00bb|||\u00a0\u00bb custom_margin=\u00a0\u00bb|||\u00a0\u00bb custom_padding_last_edited=\u00a0\u00bbon|phone\u00a0\u00bb _builder_version=\u00a0\u00bb3.21.1&Prime; animation_style=\u00a0\u00bbslide\u00a0\u00bb animation_direction=\u00a0\u00bbbottom\u00a0\u00bb hover_enabled=\u00a0\u00bb0&Prime;][et_pb_column type=\u00a0\u00bb4_4&Prime; _builder_version=\u00a0\u00bb3.0.47&Prime;][et_pb_text admin_label=\u00a0\u00bbH1 &#8211; Produktkategorie\u00a0\u00bb _builder_version=\u00a0\u00bb3.21.1&Prime; header_text_shadow_style=\u00a0\u00bbpreset3&Prime; header_text_shadow_color=\u00a0\u00bb#000000&Prime; background_layout=\u00a0\u00bbdark\u00a0\u00bb animation_direction=\u00a0\u00bbbottom\u00a0\u00bb]<\/p>\n<h1 class=\"csc-firstHeader\">Cutters industrielles<\/h1>\n<p>[\/et_pb_text][et_pb_text admin_label=\u00a0\u00bbH4 &#8211; Subline\u00a0\u00bb _builder_version=\u00a0\u00bb3.19.18&Prime; text_text_shadow_style=\u00a0\u00bbpreset3&Prime; header_text_shadow_style=\u00a0\u00bbpreset3&Prime; header_text_shadow_color=\u00a0\u00bb#000000&Prime; background_layout=\u00a0\u00bbdark\u00a0\u00bb custom_margin=\u00a0\u00bb-30px||\u00a0\u00bb custom_margin_tablet=\u00a0\u00bb-35px|||\u00a0\u00bb custom_margin_phone=\u00a0\u00bb-35px||\u00a0\u00bb custom_margin_last_edited=\u00a0\u00bbon|phone\u00a0\u00bb animation_direction=\u00a0\u00bbbottom\u00a0\u00bb]<\/p>\n<h4>Technique de pointe pour le travail moderne de la viande<\/h4>\n<p>[\/et_pb_text][\/et_pb_column][\/et_pb_row][\/et_pb_section][et_pb_section fb_built=\u00a0\u00bb1&Prime; _builder_version=\u00a0\u00bb3.21.1&Prime; background_color=\u00a0\u00bb#ffffff\u00a0\u00bb custom_padding=\u00a0\u00bb80px|0px|80px|0px|false|false\u00a0\u00bb][et_pb_row _builder_version=\u00a0\u00bb3.21.1&Prime;][et_pb_column type=\u00a0\u00bb4_4&Prime; _builder_version=\u00a0\u00bb3.0.47&Prime;][et_pb_portfolio fullwidth=\u00a0\u00bboff\u00a0\u00bb posts_number=\u00a0\u00bb30&Prime; include_categories=\u00a0\u00bb52&Prime; show_categories=\u00a0\u00bboff\u00a0\u00bb show_pagination=\u00a0\u00bboff\u00a0\u00bb zoom_icon_color=\u00a0\u00bb#ffffff\u00a0\u00bb hover_overlay_color=\u00a0\u00bbrgba(84,84,84,0.7)\u00a0\u00bb hover_icon=\u00a0\u00bb%%13%%\u00a0\u00bb module_class=\u00a0\u00bbproduct-overview\u00a0\u00bb _builder_version=\u00a0\u00bb3.21.1&Prime; title_level=\u00a0\u00bbh6&Prime; title_font=\u00a0\u00bb||||||||\u00a0\u00bb title_text_align=\u00a0\u00bbcenter\u00a0\u00bb][\/et_pb_portfolio][\/et_pb_column][\/et_pb_row][\/et_pb_section][et_pb_section fb_built=\u00a0\u00bb1&Prime; _builder_version=\u00a0\u00bb3.21.1&Prime; background_color=\u00a0\u00bb#edecea\u00a0\u00bb custom_padding=\u00a0\u00bb80px|0px|80px|0px|false|false\u00a0\u00bb][et_pb_row custom_padding=\u00a0\u00bb27px|0px|0|0px|false|false\u00a0\u00bb _builder_version=\u00a0\u00bb3.21.1&Prime;][et_pb_column type=\u00a0\u00bb3_5&Prime; _builder_version=\u00a0\u00bb3.0.47&Prime;][et_pb_text _builder_version=\u00a0\u00bb3.21.1&Prime; text_font=\u00a0\u00bb||||||||\u00a0\u00bb]<\/p>\n<h4 class=\"csc-firstHeader\">Cutters industrielles \u2013 technique de pointe pour le travail moderne de la viande.<\/h4>\n<p>[\/et_pb_text][\/et_pb_column][et_pb_column type=\u00a0\u00bb2_5&Prime; _builder_version=\u00a0\u00bb3.0.47&Prime;][\/et_pb_column][\/et_pb_row][et_pb_row custom_padding=\u00a0\u00bb0|0px|27px|0px|false|false\u00a0\u00bb _builder_version=\u00a0\u00bb3.21.1&Prime;][et_pb_column type=\u00a0\u00bb2_3&Prime; _builder_version=\u00a0\u00bb3.0.47&Prime;][et_pb_text _builder_version=\u00a0\u00bb3.21.1&Prime;]Les cutters industrielles SUPRA de MADO, le sp\u00e9cialiste des machines pour un travail hygi\u00e9nique et rentable de la viande, \u00e9conomisent du temps et de l&rsquo;argent et apportent les meilleurs r\u00e9sultats au travail \u00e0 la cutter pour des produits de qualit\u00e9. Elles sont con\u00e7ues de mani\u00e8re cons\u00e9quente pour les besoins vari\u00e9s des fabricants professionnels de charcuterie.<\/p>\n<p>Une technique au point, combin\u00e9e \u00e0 une commande de machines innovantes, garantissent des r\u00e9sultats optimaux dans tous les produits mis en oeuvre.<\/p>\n<p>Cutters industrielles 220 et 220 VA &#8211; technique de cutter innovante pour l&rsquo;industrie moderne de la viande.[\/et_pb_text][\/et_pb_column][et_pb_column type=\u00a0\u00bb1_3&Prime; _builder_version=\u00a0\u00bb3.0.47&Prime;][\/et_pb_column][\/et_pb_row][\/et_pb_section]<\/p>\n","protected":false},"excerpt":{"rendered":"<p>Cutters industriellesTechnique de pointe pour le travail moderne de la viandeCutters industrielles \u2013 technique de pointe pour le travail moderne de la viande.Les cutters industrielles SUPRA de MADO, le sp\u00e9cialiste des machines pour un travail hygi\u00e9nique et rentable de la viande, \u00e9conomisent du temps et de l&rsquo;argent et apportent les meilleurs r\u00e9sultats au travail \u00e0 [&hellip;]<\/p>\n","protected":false},"author":3,"featured_media":0,"parent":3945,"menu_order":0,"comment_status":"closed","ping_status":"closed","template":"","meta":{"_et_pb_use_builder":"on","_et_pb_old_content":"","_et_gb_content_width":"","_expiration-date-status":"","_expiration-date":0,"_expiration-date-type":"","_expiration-date-categories":[],"_expiration-date-options":[]},"acf":[],"_links":{"self":[{"href":"https:\/\/www.mado.de\/fr\/wp-json\/wp\/v2\/pages\/3967"}],"collection":[{"href":"https:\/\/www.mado.de\/fr\/wp-json\/wp\/v2\/pages"}],"about":[{"href":"https:\/\/www.mado.de\/fr\/wp-json\/wp\/v2\/types\/page"}],"author":[{"embeddable":true,"href":"https:\/\/www.mado.de\/fr\/wp-json\/wp\/v2\/users\/3"}],"replies":[{"embeddable":true,"href":"https:\/\/www.mado.de\/fr\/wp-json\/wp\/v2\/comments?post=3967"}],"version-history":[{"count":1,"href":"https:\/\/www.mado.de\/fr\/wp-json\/wp\/v2\/pages\/3967\/revisions"}],"predecessor-version":[{"id":3968,"href":"https:\/\/www.mado.de\/fr\/wp-json\/wp\/v2\/pages\/3967\/revisions\/3968"}],"up":[{"embeddable":true,"href":"https:\/\/www.mado.de\/fr\/wp-json\/wp\/v2\/pages\/3945"}],"wp:attachment":[{"href":"https:\/\/www.mado.de\/fr\/wp-json\/wp\/v2\/media?parent=3967"}],"curies":[{"name":"wp","href":"https:\/\/api.w.org\/{rel}","templated":true}]}}