{"id":6737,"date":"2020-12-03T16:20:50","date_gmt":"2020-12-03T15:20:50","guid":{"rendered":"https:\/\/www.mado.de\/?page_id=6737"},"modified":"2022-07-12T15:07:46","modified_gmt":"2022-07-12T13:07:46","slug":"hachoirs-angulaires","status":"publish","type":"page","link":"https:\/\/www.mado.de\/fr\/produits\/hachoirs-et-hachoirs-melangeurs\/hachoirs-angulaires\/","title":{"rendered":"Hachoirs angulaires"},"content":{"rendered":"<p>[et_pb_section fb_built=\u00a0\u00bb1&Prime; custom_padding_last_edited=\u00a0\u00bbon|phone\u00a0\u00bb _builder_version=\u00a0\u00bb3.22&Prime; use_background_color_gradient=\u00a0\u00bbon\u00a0\u00bb background_color_gradient_start=\u00a0\u00bbrgba(0,0,0,0.73)\u00a0\u00bb background_color_gradient_end=\u00a0\u00bbrgba(0,0,0,0.5)\u00a0\u00bb background_color_gradient_direction=\u00a0\u00bb69deg\u00a0\u00bb background_color_gradient_start_position=\u00a0\u00bb54%\u00a0\u00bb background_color_gradient_end_position=\u00a0\u00bb75%\u00a0\u00bb background_color_gradient_overlays_image=\u00a0\u00bbon\u00a0\u00bb background_image=\u00a0\u00bbhttps:\/\/www.mado.de\/wp-content\/uploads\/2019\/03\/gastroprospekt_07.jpg\u00a0\u00bb background_position=\u00a0\u00bbcenter_left\u00a0\u00bb custom_margin=\u00a0\u00bb||\u00a0\u00bb custom_padding=\u00a0\u00bb75px||75px||false|false\u00a0\u00bb custom_padding_tablet=\u00a0\u00bb100px||125px\u00a0\u00bb custom_padding_phone=\u00a0\u00bb75px||75px\u00a0\u00bb bottom_divider_color=\u00a0\u00bb#edecea\u00a0\u00bb bottom_divider_flip=\u00a0\u00bbhorizontal\u00a0\u00bb bottom_divider_height_tablet=\u00a0\u00bb70px\u00a0\u00bb bottom_divider_height_phone=\u00a0\u00bb50px\u00a0\u00bb bottom_divider_height_last_edited=\u00a0\u00bbon|phone\u00a0\u00bb][et_pb_row custom_padding_last_edited=\u00a0\u00bbon|desktop\u00a0\u00bb _builder_version=\u00a0\u00bb3.25&Prime; custom_margin=\u00a0\u00bb|||\u00a0\u00bb custom_padding=\u00a0\u00bb50px||50px|0|false|false\u00a0\u00bb custom_padding_tablet=\u00a0\u00bb|||\u00a0\u00bb custom_padding_phone=\u00a0\u00bb|||\u00a0\u00bb animation_style=\u00a0\u00bbslide\u00a0\u00bb animation_direction=\u00a0\u00bbbottom\u00a0\u00bb][et_pb_column type=\u00a0\u00bb4_4&Prime; _builder_version=\u00a0\u00bb3.25&Prime; custom_padding=\u00a0\u00bb|||\u00a0\u00bb custom_padding__hover=\u00a0\u00bb|||\u00a0\u00bb][et_pb_text admin_label=\u00a0\u00bbH1 &#8211; Produktkategorie\u00a0\u00bb _builder_version=\u00a0\u00bb4.7.4&Prime; background_layout=\u00a0\u00bbdark\u00a0\u00bb animation_direction=\u00a0\u00bbbottom\u00a0\u00bb header_text_shadow_style=\u00a0\u00bbpreset3&Prime; header_text_shadow_color=\u00a0\u00bb#000000&Prime;]<\/p>\n<h1>Hachoirs angulaires<\/h1>\n<p>[\/et_pb_text][\/et_pb_column][\/et_pb_row][\/et_pb_section][et_pb_section fb_built=\u00a0\u00bb1&Prime; _builder_version=\u00a0\u00bb3.22&Prime; background_color=\u00a0\u00bb#ffffff\u00a0\u00bb custom_padding=\u00a0\u00bb80px|0px|80px|0px|false|false\u00a0\u00bb][et_pb_row _builder_version=\u00a0\u00bb3.25&Prime;][et_pb_column type=\u00a0\u00bb4_4&Prime; _builder_version=\u00a0\u00bb3.25&Prime; custom_padding=\u00a0\u00bb|||\u00a0\u00bb custom_padding__hover=\u00a0\u00bb|||\u00a0\u00bb][et_pb_portfolio fullwidth=\u00a0\u00bboff\u00a0\u00bb posts_number=\u00a0\u00bb30&Prime; include_categories=\u00a0\u00bb86&Prime; show_categories=\u00a0\u00bboff\u00a0\u00bb show_pagination=\u00a0\u00bboff\u00a0\u00bb zoom_icon_color=\u00a0\u00bb#ffffff\u00a0\u00bb hover_overlay_color=\u00a0\u00bbrgba(84,84,84,0.7)\u00a0\u00bb hover_icon=\u00a0\u00bb%%13%%\u00a0\u00bb module_class=\u00a0\u00bbproduct-overview\u00a0\u00bb _builder_version=\u00a0\u00bb4.4.2&Prime; title_level=\u00a0\u00bbh6&Prime; title_font=\u00a0\u00bb||||||||\u00a0\u00bb title_text_align=\u00a0\u00bbcenter\u00a0\u00bb][\/et_pb_portfolio][\/et_pb_column][\/et_pb_row][\/et_pb_section][et_pb_section fb_built=\u00a0\u00bb1&Prime; _builder_version=\u00a0\u00bb3.22&Prime; background_color=\u00a0\u00bb#edecea\u00a0\u00bb custom_padding=\u00a0\u00bb80px|0px|80px|0px|false|false\u00a0\u00bb][et_pb_row _builder_version=\u00a0\u00bb3.25&Prime; custom_padding=\u00a0\u00bb27px|0px|0|0px|false|false\u00a0\u00bb][et_pb_column type=\u00a0\u00bb4_4&Prime; _builder_version=\u00a0\u00bb3.25&Prime; custom_padding=\u00a0\u00bb|||\u00a0\u00bb custom_padding__hover=\u00a0\u00bb|||\u00a0\u00bb][et_pb_text _builder_version=\u00a0\u00bb4.4.2&Prime; text_font=\u00a0\u00bb||||||||\u00a0\u00bb]<\/p>\n<p><strong>Les hachoirs angulaires MADO \u2013 Partenaires solides pour une production de haute qualit\u00e9<\/strong><\/p>\n<p>Les hachoirs angulaires MADO sont la solution id\u00e9ale, \u00e0 la fois pour le boucher exigeant et l\u2019industrie de la viande avec des exigences \u00e9lev\u00e9es en mati\u00e8re de performances et de qualit\u00e9 des produits.<br \/>L\u2019action conjugu\u00e9e de la vis d\u2019amen\u00e9e et de la vis de travail permet des rendements horaires \u00e9lev\u00e9s avec des r\u00e9sultats de coupe toujours excellents. Une technologie \u00e9prouv\u00e9e et pourtant optimis\u00e9e en permanence, associ\u00e9e \u00e0 des mat\u00e9riaux de haute qualit\u00e9 et \u00e0 un traitement en douceur, sont des caract\u00e9ristiques qui s\u2019appliquent particuli\u00e8rement aux hachoirs angulaires MADO.<\/p>\n<p>\u00a0Tous les composants entrants en contact avec les aliments sont soud\u00e9s sans joints et polis. Les hachoirs angulaires MADO d\u00e9passent ainsi nettement la norme d\u2019hygi\u00e8ne standard.<\/p>\n<p>\u00a0Bien entendu, les hachoirs angulaires MADO r\u00e9pondent aux normes CE en mati\u00e8re de s\u00e9curit\u00e9 et d\u2019hygi\u00e8ne.<\/p>\n<p>\u00a0Caract\u00e9ristiques sp\u00e9ciales\u00a0:<\/p>\n<ul>\n<li>Alimentation optimis\u00e9e gr\u00e2ce \u00e0 la vis d\u2019amen\u00e9e de compression<\/li>\n<li>Gain de temps, car moins de pr\u00e9 coupage requis<\/li>\n<li>Coupe de haute qualit\u00e9 et constante<\/li>\n<li>Dur\u00e9e de vie plus longue gr\u00e2ce aux faibles charges altern\u00e9es sur le syst\u00e8me de coupe<\/li>\n<li>Vitesse de rotation de la vis r\u00e9glable sans palier<\/li>\n<li>Chauffe r\u00e9duite<\/li>\n<li>Hygi\u00e8ne optimale et nettoyage facilit\u00e9<\/li>\n<li>Performances r\u00e9glables pour toutes les exigences<\/li>\n<li>Design moderne et pratique<\/li>\n<li>Machine enti\u00e8rement en Inox<\/li>\n<\/ul>\n<p>&nbsp;<\/p>\n<p>[\/et_pb_text][\/et_pb_column][\/et_pb_row][et_pb_row _builder_version=\u00a0\u00bb4.9.9&Prime; _module_preset=\u00a0\u00bbdefault\u00a0\u00bb hover_enabled=\u00a0\u00bb0&Prime; sticky_enabled=\u00a0\u00bb0&Prime;][et_pb_column _builder_version=\u00a0\u00bb4.9.9&Prime; _module_preset=\u00a0\u00bbdefault\u00a0\u00bb type=\u00a0\u00bb4_4&Prime;][et_pb_code _builder_version=\u00a0\u00bb4.9.9&Prime; _module_preset=\u00a0\u00bbdefault\u00a0\u00bb hover_enabled=\u00a0\u00bb0&Prime; sticky_enabled=\u00a0\u00bb0&Prime;]\n<table id=\"tablepress-36\" class=\"tablepress tablepress-id-36\">\n<thead>\n<tr class=\"row-1 odd\">\n\t<th class=\"column-1\">D\u00e9signation<\/th><th class=\"column-2\">Capacit\u00e9<\/th><th class=\"column-3\">Syst\u00e8me de coupe<br \/>\n(Modifiable en option)<br \/>\n<\/th>\n<\/tr>\n<\/thead>\n<tbody>\n<tr class=\"row-2 even\">\n\t<td class=\"column-1\"><a href=\"\/project\/MEW-735\/\">&emsp;MEW 735 (M)<\/a><\/td><td class=\"column-2\">&emsp;200 L <\/td><td class=\"column-3\">&emsp;Unger E 130, 5 pi\u00e8ces<\/td>\n<\/tr>\n<tr class=\"row-3 odd\">\n\t<td class=\"column-1\"><a href=\"\/project\/MEW-735\/\">&emsp;MEW 735 B (M)<\/a><\/td><td class=\"column-2\">&emsp;380 L<\/td><td class=\"column-3\">&emsp;Unger E 130, 5 pi\u00e8ces<\/td>\n<\/tr>\n<tr class=\"row-4 even\">\n\t<td class=\"column-1\"><a href=\"\/project\/MEW-736\/\">&emsp;MEW 736 (M)<\/a><\/td><td class=\"column-2\">&emsp;200 L <\/td><td class=\"column-3\">&emsp;Unger G 160, 5 pi\u00e8ces<\/td>\n<\/tr>\n<tr class=\"row-5 odd\">\n\t<td class=\"column-1\"><a href=\"\/project\/MEW-736\/\">&emsp;MEW 736 B (M)<\/a><\/td><td class=\"column-2\">&emsp;380 L<\/td><td class=\"column-3\">&emsp;Unger G 160, 5 pi\u00e8ces<\/td>\n<\/tr>\n<tr class=\"row-6 even\">\n\t<td class=\"column-1\"><a href=\"\/project\/MEW-737\/\">&emsp;MEW 737<\/a><\/td><td class=\"column-2\">&emsp;330 L<\/td><td class=\"column-3\">&emsp;Unger G 160, 5 pi\u00e8ces<br \/>\n&emsp;Unger U 200, 5 pi\u00e8ces<\/td>\n<\/tr>\n<tr class=\"row-7 odd\">\n\t<td class=\"column-1\"><a href=\"\/project\/MEW-728\/\">&emsp;MEW 728<\/a><\/td><td class=\"column-2\">&emsp;500 L <\/td><td class=\"column-3\">&emsp;Unger U 200, 5 pi\u00e8ces<\/td>\n<\/tr>\n<\/tbody>\n<\/table>\n<!-- #tablepress-36 from cache -->[\/et_pb_code][\/et_pb_column][\/et_pb_row][et_pb_row column_structure=\u00a0\u00bb2_3,1_3&Prime; _builder_version=\u00a0\u00bb4.9.9&Prime; custom_padding=\u00a0\u00bb0|0px|0px|0px|false|false\u00a0\u00bb][et_pb_column type=\u00a0\u00bb2_3&Prime; _builder_version=\u00a0\u00bb3.25&Prime; custom_padding=\u00a0\u00bb|||\u00a0\u00bb custom_padding__hover=\u00a0\u00bb|||\u00a0\u00bb][et_pb_text _builder_version=\u00a0\u00bb4.9.9&Prime;]<\/p>\n<div id=\"c337\" class=\"csc-default csc-space-after-20\"><\/div>\n<div id=\"c216\" class=\"csc-default\">\n<div class=\"products_list row-fluid\">\n<div class=\"products_item\"><\/div>\n<\/div>\n<\/div>\n<p>[\/et_pb_text][\/et_pb_column][et_pb_column type=\u00a0\u00bb1_3&Prime; _builder_version=\u00a0\u00bb3.25&Prime; custom_padding=\u00a0\u00bb|||\u00a0\u00bb custom_padding__hover=\u00a0\u00bb|||\u00a0\u00bb][\/et_pb_column][\/et_pb_row][\/et_pb_section]<\/p>\n","protected":false},"excerpt":{"rendered":"<p>Hachoirs angulairesLes hachoirs angulaires MADO \u2013 Partenaires solides pour une production de haute qualit\u00e9 Les hachoirs angulaires MADO sont la solution id\u00e9ale, \u00e0 la fois pour le boucher exigeant et l\u2019industrie de la viande avec des exigences \u00e9lev\u00e9es en mati\u00e8re de performances et de qualit\u00e9 des produits.L\u2019action conjugu\u00e9e de la vis d\u2019amen\u00e9e et de la [&hellip;]<\/p>\n","protected":false},"author":1,"featured_media":0,"parent":3949,"menu_order":0,"comment_status":"closed","ping_status":"closed","template":"","meta":{"_et_pb_use_builder":"on","_et_pb_old_content":"<p>[et_pb_section fb_built=\"1\" custom_padding_last_edited=\"on|phone\" _builder_version=\"3.22\" use_background_color_gradient=\"on\" background_color_gradient_start=\"rgba(0,0,0,0.73)\" background_color_gradient_end=\"rgba(0,0,0,0.5)\" background_color_gradient_direction=\"69deg\" background_color_gradient_start_position=\"54%\" background_color_gradient_end_position=\"75%\" background_color_gradient_overlays_image=\"on\" background_image=\"https:\/\/www.mado.de\/wp-content\/uploads\/2019\/03\/gastroprospekt_07.jpg\" background_position=\"center_left\" custom_margin=\"||\" custom_padding=\"75px||75px||false|false\" custom_padding_tablet=\"100px||125px\" custom_padding_phone=\"75px||75px\" bottom_divider_color=\"#edecea\" bottom_divider_flip=\"horizontal\" bottom_divider_height_tablet=\"70px\" bottom_divider_height_phone=\"50px\" bottom_divider_height_last_edited=\"on|phone\"][et_pb_row custom_padding_last_edited=\"on|desktop\" _builder_version=\"3.25\" custom_margin=\"|||\" custom_padding=\"50px||50px|0|false|false\" custom_padding_tablet=\"|||\" custom_padding_phone=\"|||\" animation_style=\"slide\" animation_direction=\"bottom\"][et_pb_column type=\"4_4\" _builder_version=\"3.25\" custom_padding=\"|||\" custom_padding__hover=\"|||\"][et_pb_text admin_label=\"H1 - Produktkategorie\" _builder_version=\"4.4.2\" background_layout=\"dark\" animation_direction=\"bottom\" header_text_shadow_style=\"preset3\" header_text_shadow_color=\"#000000\"]<\/p><h1 class=\"csc-firstHeader\">Winkelw\u00f6lfe<\/h1><p>[\/et_pb_text][et_pb_text admin_label=\"H4 - Subline\" _builder_version=\"4.4.7\" background_layout=\"dark\" custom_margin=\"-30px||\" custom_margin_tablet=\"-35px|||\" custom_margin_phone=\"-35px||\" custom_margin_last_edited=\"on|phone\" animation_direction=\"bottom\" hover_enabled=\"0\" text_text_shadow_style=\"preset3\" header_text_shadow_style=\"preset3\" header_text_shadow_color=\"#000000\"]<\/p><h4>Leistungsstarke Modelle<\/h4><p>[\/et_pb_text][\/et_pb_column][\/et_pb_row][\/et_pb_section][et_pb_section fb_built=\"1\" _builder_version=\"3.22\" background_color=\"#ffffff\" custom_padding=\"80px|0px|80px|0px|false|false\"][et_pb_row _builder_version=\"3.25\"][et_pb_column type=\"4_4\" _builder_version=\"3.25\" custom_padding=\"|||\" custom_padding__hover=\"|||\"][et_pb_portfolio fullwidth=\"off\" posts_number=\"30\" include_categories=\"86\" show_categories=\"off\" show_pagination=\"off\" zoom_icon_color=\"#ffffff\" hover_overlay_color=\"rgba(84,84,84,0.7)\" hover_icon=\"%%13%%\" module_class=\"product-overview\" _builder_version=\"4.4.2\" title_level=\"h6\" title_font=\"||||||||\" title_text_align=\"center\"][\/et_pb_portfolio][\/et_pb_column][\/et_pb_row][\/et_pb_section][et_pb_section fb_built=\"1\" _builder_version=\"3.22\" background_color=\"#edecea\" custom_padding=\"80px|0px|80px|0px|false|false\"][et_pb_row _builder_version=\"3.25\" custom_padding=\"27px|0px|0|0px|false|false\"][et_pb_column type=\"4_4\" _builder_version=\"3.25\" custom_padding=\"|||\" custom_padding__hover=\"|||\"][et_pb_text _builder_version=\"4.4.2\" text_font=\"||||||||\"][\/et_pb_text][\/et_pb_column][\/et_pb_row][et_pb_row column_structure=\"2_3,1_3\" _builder_version=\"3.25\" custom_padding=\"0|0px|27px|0px|false|false\"][et_pb_column type=\"2_3\" _builder_version=\"3.25\" custom_padding=\"|||\" custom_padding__hover=\"|||\"][et_pb_text _builder_version=\"4.4.2\"]<\/p><div id=\"c337\" class=\"csc-default csc-space-after-20\">\u00a0<\/div><div id=\"c216\" class=\"csc-default\"><div class=\"products_list row-fluid\"><div class=\"products_item\">\u00a0<\/div><\/div><\/div><p>[\/et_pb_text][\/et_pb_column][et_pb_column type=\"1_3\" _builder_version=\"3.25\" custom_padding=\"|||\" custom_padding__hover=\"|||\"][\/et_pb_column][\/et_pb_row][\/et_pb_section]<\/p>","_et_gb_content_width":"","_expiration-date-status":"","_expiration-date":0,"_expiration-date-type":"","_expiration-date-categories":[],"_expiration-date-options":[]},"acf":[],"_links":{"self":[{"href":"https:\/\/www.mado.de\/fr\/wp-json\/wp\/v2\/pages\/6737"}],"collection":[{"href":"https:\/\/www.mado.de\/fr\/wp-json\/wp\/v2\/pages"}],"about":[{"href":"https:\/\/www.mado.de\/fr\/wp-json\/wp\/v2\/types\/page"}],"author":[{"embeddable":true,"href":"https:\/\/www.mado.de\/fr\/wp-json\/wp\/v2\/users\/1"}],"replies":[{"embeddable":true,"href":"https:\/\/www.mado.de\/fr\/wp-json\/wp\/v2\/comments?post=6737"}],"version-history":[{"count":5,"href":"https:\/\/www.mado.de\/fr\/wp-json\/wp\/v2\/pages\/6737\/revisions"}],"predecessor-version":[{"id":8330,"href":"https:\/\/www.mado.de\/fr\/wp-json\/wp\/v2\/pages\/6737\/revisions\/8330"}],"up":[{"embeddable":true,"href":"https:\/\/www.mado.de\/fr\/wp-json\/wp\/v2\/pages\/3949"}],"wp:attachment":[{"href":"https:\/\/www.mado.de\/fr\/wp-json\/wp\/v2\/media?parent=6737"}],"curies":[{"name":"wp","href":"https:\/\/api.w.org\/{rel}","templated":true}]}}